{"id":10,"date":"2023-11-15T22:22:53","date_gmt":"2023-11-15T21:22:53","guid":{"rendered":"https:\/\/zeusmarketplace.net\/?page_id=10"},"modified":"2026-01-13T13:14:00","modified_gmt":"2026-01-13T18:14:00","slug":"politicas","status":"publish","type":"page","link":"https:\/\/zeusmarketplace.net\/es_mx\/politicas\/","title":{"rendered":"Pol\u00edticas"},"content":{"rendered":"<div data-elementor-type=\"wp-page\" data-elementor-id=\"10\" class=\"elementor elementor-10\">\n\t\t\t\t<div class=\"elementor-element elementor-element-cf04c92 e-flex e-con-boxed wpr-particle-no wpr-jarallax-no wpr-parallax-no wpr-sticky-section-no e-con e-parent\" data-id=\"cf04c92\" data-element_type=\"container\" data-e-type=\"container\" data-settings=\"{&quot;background_background&quot;:&quot;gradient&quot;}\">\n\t\t\t\t\t<div class=\"e-con-inner\">\n\t\t<div class=\"elementor-element elementor-element-bc6275b e-con-full e-flex wpr-particle-no wpr-jarallax-no wpr-parallax-no wpr-sticky-section-no e-con e-child\" data-id=\"bc6275b\" data-element_type=\"container\" data-e-type=\"container\">\n\t\t\t\t<div class=\"elementor-element elementor-element-d3f20e1 elementor-widget elementor-widget-heading\" data-id=\"d3f20e1\" data-element_type=\"widget\" data-e-type=\"widget\" data-widget_type=\"heading.default\">\n\t\t\t\t<div class=\"elementor-widget-container\">\n\t\t\t\t\t<h2 class=\"elementor-heading-title elementor-size-default\">1. Pol\u00edtica de Devoluciones y Reembolsos:<\/h2>\t\t\t\t<\/div>\n\t\t\t\t<\/div>\n\t\t\t\t<div class=\"elementor-element elementor-element-699fea8 elementor-widget elementor-widget-heading\" data-id=\"699fea8\" data-element_type=\"widget\" data-e-type=\"widget\" data-widget_type=\"heading.default\">\n\t\t\t\t<div class=\"elementor-widget-container\">\n\t\t\t\t\t<h2 class=\"elementor-heading-title elementor-size-default\">La plataforma act\u00faa exclusivamente como intermediario de contacto. <b data-path-to-node=\"7,0\" data-index-in-node=\"68\">Cada vendedor o tienda dentro de nuestra plataforma establece sus propias pol\u00edticas de devoluci\u00f3n y reembolso.<\/b> Antes de realizar una compra, el usuario debe consultar las condiciones espec\u00edficas del vendedor. La plataforma no procesa devoluciones directas ni retiene el dinero de las transacciones; cualquier reclamo o solicitud de reembolso debe ser gestionado y acordado directamente entre el comprador y el vendedor.<\/h2>\t\t\t\t<\/div>\n\t\t\t\t<\/div>\n\t\t\t\t<\/div>\n\t\t\t\t\t<\/div>\n\t\t\t\t<\/div>\n\t\t<div class=\"elementor-element elementor-element-2046cff e-flex e-con-boxed wpr-particle-no wpr-jarallax-no wpr-parallax-no wpr-sticky-section-no e-con e-parent\" data-id=\"2046cff\" data-element_type=\"container\" data-e-type=\"container\" data-settings=\"{&quot;background_background&quot;:&quot;gradient&quot;}\">\n\t\t\t\t\t<div class=\"e-con-inner\">\n\t\t<div class=\"elementor-element elementor-element-8fe8c76 e-con-full e-flex wpr-particle-no wpr-jarallax-no wpr-parallax-no wpr-sticky-section-no e-con e-child\" data-id=\"8fe8c76\" data-element_type=\"container\" data-e-type=\"container\">\n\t\t\t\t<div class=\"elementor-element elementor-element-7d7531a elementor-widget elementor-widget-heading\" data-id=\"7d7531a\" data-element_type=\"widget\" data-e-type=\"widget\" data-widget_type=\"heading.default\">\n\t\t\t\t<div class=\"elementor-widget-container\">\n\t\t\t\t\t<h2 class=\"elementor-heading-title elementor-size-default\">2. Pol\u00edtica de Env\u00edo y Entrega:<\/h2>\t\t\t\t<\/div>\n\t\t\t\t<\/div>\n\t\t\t\t<div class=\"elementor-element elementor-element-f8a1301 elementor-widget elementor-widget-heading\" data-id=\"f8a1301\" data-element_type=\"widget\" data-e-type=\"widget\" data-widget_type=\"heading.default\">\n\t\t\t\t<div class=\"elementor-widget-container\">\n\t\t\t\t\t<h2 class=\"elementor-heading-title elementor-size-default\">Los t\u00e9rminos, costos y tiempos de env\u00edo son definidos exclusivamente por cada vendedor o acordados directamente entre el comprador y la tienda. <br>\nLa plataforma no realiza env\u00edos ni se hace responsable por la log\u00edstica de entrega. <br>\nEs responsabilidad del comprador coordinar con el vendedor el m\u00e9todo de entrega (env\u00edo por paqueter\u00eda, entrega personal, retiro en local, etc.) y los costos asociados antes de finalizar la transacci\u00f3n.<\/h2>\t\t\t\t<\/div>\n\t\t\t\t<\/div>\n\t\t\t\t<\/div>\n\t\t\t\t\t<\/div>\n\t\t\t\t<\/div>\n\t\t<div class=\"elementor-element elementor-element-d86e201 e-flex e-con-boxed wpr-particle-no wpr-jarallax-no wpr-parallax-no wpr-sticky-section-no e-con e-parent\" data-id=\"d86e201\" data-element_type=\"container\" data-e-type=\"container\" data-settings=\"{&quot;background_background&quot;:&quot;gradient&quot;}\">\n\t\t\t\t\t<div class=\"e-con-inner\">\n\t\t<div class=\"elementor-element elementor-element-9745a4c e-con-full e-flex wpr-particle-no wpr-jarallax-no wpr-parallax-no wpr-sticky-section-no e-con e-child\" data-id=\"9745a4c\" data-element_type=\"container\" data-e-type=\"container\">\n\t\t\t\t<div class=\"elementor-element elementor-element-0e29888 elementor-widget elementor-widget-heading\" data-id=\"0e29888\" data-element_type=\"widget\" data-e-type=\"widget\" data-widget_type=\"heading.default\">\n\t\t\t\t<div class=\"elementor-widget-container\">\n\t\t\t\t\t<h2 class=\"elementor-heading-title elementor-size-default\">3. Pol\u00edtica de pago:<\/h2>\t\t\t\t<\/div>\n\t\t\t\t<\/div>\n\t\t\t\t<div class=\"elementor-element elementor-element-64c355f elementor-widget elementor-widget-heading\" data-id=\"64c355f\" data-element_type=\"widget\" data-e-type=\"widget\" data-widget_type=\"heading.default\">\n\t\t\t\t<div class=\"elementor-widget-container\">\n\t\t\t\t\t<h2 class=\"elementor-heading-title elementor-size-default\">La plataforma facilita el espacio digital para conectar compradores y vendedores.<br>\nEl procesamiento del pago se realiza directamente a la cuenta del vendedor o mediante los acuerdos privados entre ambas partes (efectivo, transferencia directa, etc.). <br>\nLa plataforma no retiene fondos, no act\u00faa como banco y no se hace responsable por disputas financieras derivadas de pagos realizados fuera de los mecanismos de seguridad recomendados o por acuerdos privados entre las partes.<\/h2>\t\t\t\t<\/div>\n\t\t\t\t<\/div>\n\t\t\t\t<\/div>\n\t\t\t\t\t<\/div>\n\t\t\t\t<\/div>\n\t\t<div class=\"elementor-element elementor-element-cbd9768 e-flex e-con-boxed wpr-particle-no wpr-jarallax-no wpr-parallax-no wpr-sticky-section-no e-con e-parent\" data-id=\"cbd9768\" data-element_type=\"container\" data-e-type=\"container\" data-settings=\"{&quot;background_background&quot;:&quot;gradient&quot;}\">\n\t\t\t\t\t<div class=\"e-con-inner\">\n\t\t<div class=\"elementor-element elementor-element-6519828 e-con-full e-flex wpr-particle-no wpr-jarallax-no wpr-parallax-no wpr-sticky-section-no e-con e-child\" data-id=\"6519828\" data-element_type=\"container\" data-e-type=\"container\">\n\t\t\t\t<div class=\"elementor-element elementor-element-16c94d7 elementor-widget elementor-widget-heading\" data-id=\"16c94d7\" data-element_type=\"widget\" data-e-type=\"widget\" data-widget_type=\"heading.default\">\n\t\t\t\t<div class=\"elementor-widget-container\">\n\t\t\t\t\t<h2 class=\"elementor-heading-title elementor-size-default\">4. Pol\u00edtica de Seguridad y Datos:<\/h2>\t\t\t\t<\/div>\n\t\t\t\t<\/div>\n\t\t\t\t<div class=\"elementor-element elementor-element-cedfc97 elementor-widget elementor-widget-heading\" data-id=\"cedfc97\" data-element_type=\"widget\" data-e-type=\"widget\" data-widget_type=\"heading.default\">\n\t\t\t\t<div class=\"elementor-widget-container\">\n\t\t\t\t\t<h2 class=\"elementor-heading-title elementor-size-default\">Implementamos medidas de seguridad para proteger la informaci\u00f3n personal de su cuenta dentro de nuestro sitio. <br> Sin embargo, dado que la plataforma funciona como un enlace de contacto, recomendamos a los usuarios ejercer precauci\u00f3n al compartir informaci\u00f3n financiera sensible directamente con los vendedores. <br> La plataforma no se hace responsable por el mal uso de datos que ocurra en comunicaciones privadas (chats externos, WhatsApp, llamadas) fuera de nuestro sistema.<\/h2>\t\t\t\t<\/div>\n\t\t\t\t<\/div>\n\t\t\t\t<\/div>\n\t\t\t\t\t<\/div>\n\t\t\t\t<\/div>\n\t\t<div class=\"elementor-element elementor-element-5025844 e-flex e-con-boxed wpr-particle-no wpr-jarallax-no wpr-parallax-no wpr-sticky-section-no e-con e-parent\" data-id=\"5025844\" data-element_type=\"container\" data-e-type=\"container\" data-settings=\"{&quot;background_background&quot;:&quot;gradient&quot;}\">\n\t\t\t\t\t<div class=\"e-con-inner\">\n\t\t<div class=\"elementor-element elementor-element-b2fa16b e-con-full e-flex wpr-particle-no wpr-jarallax-no wpr-parallax-no wpr-sticky-section-no e-con e-child\" data-id=\"b2fa16b\" data-element_type=\"container\" data-e-type=\"container\">\n\t\t\t\t<div class=\"elementor-element elementor-element-77ec1f2 elementor-widget elementor-widget-heading\" data-id=\"77ec1f2\" data-element_type=\"widget\" data-e-type=\"widget\" data-widget_type=\"heading.default\">\n\t\t\t\t<div class=\"elementor-widget-container\">\n\t\t\t\t\t<h2 class=\"elementor-heading-title elementor-size-default\">5. Pol\u00edtica de Garant\u00eda<\/h2>\t\t\t\t<\/div>\n\t\t\t\t<\/div>\n\t\t\t\t<div class=\"elementor-element elementor-element-c6177c0 elementor-widget elementor-widget-heading\" data-id=\"c6177c0\" data-element_type=\"widget\" data-e-type=\"widget\" data-widget_type=\"heading.default\">\n\t\t\t\t<div class=\"elementor-widget-container\">\n\t\t\t\t\t<h2 class=\"elementor-heading-title elementor-size-default\">La garant\u00eda, calidad, autenticidad y estado de los productos o servicios ofrecidos son responsabilidad exclusiva del vendedor. <br>\n La plataforma no es propietaria de los art\u00edculos, no los tiene en posesi\u00f3n ni los inspecciona. <br>Al utilizar este servicio, el comprador reconoce que cualquier reclamo por garant\u00eda o defecto debe ser dirigido exclusivamente a la tienda vendedora.<br>\n La plataforma se exime de responsabilidad por el incumplimiento de acuerdos entre las partes.<\/h2>\t\t\t\t<\/div>\n\t\t\t\t<\/div>\n\t\t\t\t<\/div>\n\t\t\t\t\t<\/div>\n\t\t\t\t<\/div>\n\t\t<div class=\"elementor-element elementor-element-c1cbcc2 e-flex e-con-boxed wpr-particle-no wpr-jarallax-no wpr-parallax-no wpr-sticky-section-no e-con e-parent\" data-id=\"c1cbcc2\" data-element_type=\"container\" data-e-type=\"container\">\n\t\t\t\t\t<div class=\"e-con-inner\">\n\t\t\t\t<div class=\"elementor-element elementor-element-ed5eb82 elementor-button-info elementor-widget elementor-widget-button\" data-id=\"ed5eb82\" data-element_type=\"widget\" data-e-type=\"widget\" data-widget_type=\"button.default\">\n\t\t\t\t<div class=\"elementor-widget-container\">\n\t\t\t\t\t\t\t\t\t<div class=\"elementor-button-wrapper\">\n\t\t\t\t\t<a class=\"elementor-button elementor-button-link elementor-size-sm\" href=\"https:\/\/zeusmarketplace.net\/es_mx\/politica-privacidad\/\">\n\t\t\t\t\t\t<span class=\"elementor-button-content-wrapper\">\n\t\t\t\t\t\t\t\t\t<span class=\"elementor-button-text\">Pol\u00edtica de privacidad<\/span>\n\t\t\t\t\t<\/span>\n\t\t\t\t\t<\/a>\n\t\t\t\t<\/div>\n\t\t\t\t\t\t\t\t<\/div>\n\t\t\t\t<\/div>\n\t\t\t\t\t<\/div>\n\t\t\t\t<\/div>\n\t\t\t\t<\/div>","protected":false},"excerpt":{"rendered":"<p>1. Pol\u00edtica de Devoluciones y Reembolsos: La plataforma act\u00faa exclusivamente como intermediario de contacto. Cada vendedor o tienda dentro de nuestra plataforma establece sus propias pol\u00edticas de devoluci\u00f3n y reembolso. Antes de realizar una compra, el usuario debe consultar las condiciones espec\u00edficas del vendedor. La plataforma no procesa devoluciones directas ni retiene el dinero de las transacciones; cualquier reclamo o solicitud de reembolso debe ser gestionado y acordado directamente entre el comprador y el vendedor. 2. Pol\u00edtica de Env\u00edo y Entrega: Los t\u00e9rminos, costos y tiempos de env\u00edo son definidos exclusivamente por cada vendedor o acordados directamente entre el comprador y la tienda. La plataforma no realiza env\u00edos ni se hace responsable por la log\u00edstica de entrega. Es responsabilidad del comprador coordinar con el vendedor el m\u00e9todo de entrega (env\u00edo por paqueter\u00eda, entrega personal, retiro en local, etc.) y los costos asociados antes de finalizar la transacci\u00f3n. 3. Pol\u00edtica de pago: La plataforma facilita el espacio digital para conectar compradores y vendedores. El procesamiento del pago se realiza directamente a la cuenta del vendedor o mediante los acuerdos privados entre ambas partes (efectivo, transferencia directa, etc.). La plataforma no retiene fondos, no act\u00faa como banco y no se hace responsable por disputas financieras derivadas de pagos realizados fuera de los mecanismos de seguridad recomendados o por acuerdos privados entre las partes. 4. Pol\u00edtica de Seguridad y Datos: Implementamos medidas de seguridad para proteger la informaci\u00f3n personal de su cuenta dentro de nuestro sitio. Sin embargo, dado que la plataforma funciona como un enlace de contacto, recomendamos a los usuarios ejercer precauci\u00f3n al compartir informaci\u00f3n financiera sensible directamente con los vendedores. La plataforma no se hace responsable por el mal uso de datos que ocurra en comunicaciones privadas (chats externos, WhatsApp, llamadas) fuera de nuestro sistema. 5. Pol\u00edtica de Garant\u00eda La garant\u00eda, calidad, autenticidad y estado de los productos o servicios ofrecidos son responsabilidad exclusiva del vendedor. La plataforma no es propietaria de los art\u00edculos, no los tiene en posesi\u00f3n ni los inspecciona. Al utilizar este servicio, el comprador reconoce que cualquier reclamo por garant\u00eda o defecto debe ser dirigido exclusivamente a la tienda vendedora. La plataforma se exime de responsabilidad por el incumplimiento de acuerdos entre las partes. Pol\u00edtica de privacidad<\/p>","protected":false},"author":2,"featured_media":0,"parent":0,"menu_order":0,"comment_status":"closed","ping_status":"closed","template":"","meta":{"footnotes":""},"class_list":["post-10","page","type-page","status-publish","hentry"],"yoast_head":"<!-- This site is optimized with the Yoast SEO plugin v27.3 - https:\/\/yoast.com\/product\/yoast-seo-wordpress\/ -->\n<title>Pol\u00edticas - Zeus Market Place<\/title>\n<meta name=\"robots\" content=\"index, follow, max-snippet:-1, max-image-preview:large, max-video-preview:-1\" \/>\n<link rel=\"canonical\" href=\"https:\/\/zeusmarketplace.net\/es_mx\/politicas\/\" \/>\n<meta property=\"og:locale\" content=\"es_MX\" \/>\n<meta property=\"og:type\" content=\"article\" \/>\n<meta property=\"og:title\" content=\"Pol\u00edticas - Zeus Market Place\" \/>\n<meta property=\"og:description\" content=\"1. Pol\u00edtica de Devoluciones y Reembolsos: La plataforma act\u00faa exclusivamente como intermediario de contacto. Cada vendedor o tienda dentro de nuestra plataforma establece sus propias pol\u00edticas de devoluci\u00f3n y reembolso. Antes de realizar una compra, el usuario debe consultar las condiciones espec\u00edficas del vendedor. La plataforma no procesa devoluciones directas ni retiene el dinero de las transacciones; cualquier reclamo o solicitud de reembolso debe ser gestionado y acordado directamente entre el comprador y el vendedor. 2. Pol\u00edtica de Env\u00edo y Entrega: Los t\u00e9rminos, costos y tiempos de env\u00edo son definidos exclusivamente por cada vendedor o acordados directamente entre el comprador y la tienda. La plataforma no realiza env\u00edos ni se hace responsable por la log\u00edstica de entrega. Es responsabilidad del comprador coordinar con el vendedor el m\u00e9todo de entrega (env\u00edo por paqueter\u00eda, entrega personal, retiro en local, etc.) y los costos asociados antes de finalizar la transacci\u00f3n. 3. Pol\u00edtica de pago: La plataforma facilita el espacio digital para conectar compradores y vendedores. El procesamiento del pago se realiza directamente a la cuenta del vendedor o mediante los acuerdos privados entre ambas partes (efectivo, transferencia directa, etc.). La plataforma no retiene fondos, no act\u00faa como banco y no se hace responsable por disputas financieras derivadas de pagos realizados fuera de los mecanismos de seguridad recomendados o por acuerdos privados entre las partes. 4. Pol\u00edtica de Seguridad y Datos: Implementamos medidas de seguridad para proteger la informaci\u00f3n personal de su cuenta dentro de nuestro sitio. Sin embargo, dado que la plataforma funciona como un enlace de contacto, recomendamos a los usuarios ejercer precauci\u00f3n al compartir informaci\u00f3n financiera sensible directamente con los vendedores. La plataforma no se hace responsable por el mal uso de datos que ocurra en comunicaciones privadas (chats externos, WhatsApp, llamadas) fuera de nuestro sistema. 5. Pol\u00edtica de Garant\u00eda La garant\u00eda, calidad, autenticidad y estado de los productos o servicios ofrecidos son responsabilidad exclusiva del vendedor. La plataforma no es propietaria de los art\u00edculos, no los tiene en posesi\u00f3n ni los inspecciona. Al utilizar este servicio, el comprador reconoce que cualquier reclamo por garant\u00eda o defecto debe ser dirigido exclusivamente a la tienda vendedora. La plataforma se exime de responsabilidad por el incumplimiento de acuerdos entre las partes. Pol\u00edtica de privacidad\" \/>\n<meta property=\"og:url\" content=\"https:\/\/zeusmarketplace.net\/es_mx\/politicas\/\" \/>\n<meta property=\"og:site_name\" content=\"Zeus Market Place\" \/>\n<meta property=\"article:modified_time\" content=\"2026-01-13T18:14:00+00:00\" \/>\n<meta property=\"og:image\" content=\"https:\/\/zeusmarketplace.net\/wp-content\/uploads\/2023\/12\/Logo-zeus-mkp-blanco.png\" \/>\n\t<meta property=\"og:image:width\" content=\"740\" \/>\n\t<meta property=\"og:image:height\" content=\"418\" \/>\n\t<meta property=\"og:image:type\" content=\"image\/png\" \/>\n<meta name=\"twitter:card\" content=\"summary_large_image\" \/>\n<meta name=\"twitter:label1\" content=\"Tiempo de lectura\" \/>\n\t<meta name=\"twitter:data1\" content=\"1 minuto\" \/>\n<script type=\"application\/ld+json\" class=\"yoast-schema-graph\">{\"@context\":\"https:\\\/\\\/schema.org\",\"@graph\":[{\"@type\":\"WebPage\",\"@id\":\"https:\\\/\\\/zeusmarketplace.net\\\/politicas\\\/\",\"url\":\"https:\\\/\\\/zeusmarketplace.net\\\/politicas\\\/\",\"name\":\"Pol\u00edticas - Zeus Market Place\",\"isPartOf\":{\"@id\":\"https:\\\/\\\/zeusmarketplace.net\\\/#website\"},\"datePublished\":\"2023-11-15T21:22:53+00:00\",\"dateModified\":\"2026-01-13T18:14:00+00:00\",\"breadcrumb\":{\"@id\":\"https:\\\/\\\/zeusmarketplace.net\\\/politicas\\\/#breadcrumb\"},\"inLanguage\":\"es\",\"potentialAction\":[{\"@type\":\"ReadAction\",\"target\":[\"https:\\\/\\\/zeusmarketplace.net\\\/politicas\\\/\"]}]},{\"@type\":\"BreadcrumbList\",\"@id\":\"https:\\\/\\\/zeusmarketplace.net\\\/politicas\\\/#breadcrumb\",\"itemListElement\":[{\"@type\":\"ListItem\",\"position\":1,\"name\":\"Portada\",\"item\":\"https:\\\/\\\/zeusmarketplace.net\\\/\"},{\"@type\":\"ListItem\",\"position\":2,\"name\":\"Pol\u00edticas\"}]},{\"@type\":\"WebSite\",\"@id\":\"https:\\\/\\\/zeusmarketplace.net\\\/#website\",\"url\":\"https:\\\/\\\/zeusmarketplace.net\\\/\",\"name\":\"Zeus Market Place\",\"description\":\"Ventas y Compras Seguras Online\",\"publisher\":{\"@id\":\"https:\\\/\\\/zeusmarketplace.net\\\/#organization\"},\"potentialAction\":[{\"@type\":\"SearchAction\",\"target\":{\"@type\":\"EntryPoint\",\"urlTemplate\":\"https:\\\/\\\/zeusmarketplace.net\\\/?s={search_term_string}\"},\"query-input\":{\"@type\":\"PropertyValueSpecification\",\"valueRequired\":true,\"valueName\":\"search_term_string\"}}],\"inLanguage\":\"es\"},{\"@type\":\"Organization\",\"@id\":\"https:\\\/\\\/zeusmarketplace.net\\\/#organization\",\"name\":\"Zeus Market Place\",\"url\":\"https:\\\/\\\/zeusmarketplace.net\\\/\",\"logo\":{\"@type\":\"ImageObject\",\"inLanguage\":\"es\",\"@id\":\"https:\\\/\\\/zeusmarketplace.net\\\/#\\\/schema\\\/logo\\\/image\\\/\",\"url\":\"https:\\\/\\\/zeusmarketplace.net\\\/wp-content\\\/uploads\\\/2024\\\/01\\\/cropped-Logo-social-zm2-1.png\",\"contentUrl\":\"https:\\\/\\\/zeusmarketplace.net\\\/wp-content\\\/uploads\\\/2024\\\/01\\\/cropped-Logo-social-zm2-1.png\",\"width\":512,\"height\":512,\"caption\":\"Zeus Market Place\"},\"image\":{\"@id\":\"https:\\\/\\\/zeusmarketplace.net\\\/#\\\/schema\\\/logo\\\/image\\\/\"}}]}<\/script>\n<!-- \/ Yoast SEO plugin. -->","yoast_head_json":{"title":"Pol\u00edticas - Zeus Market Place","robots":{"index":"index","follow":"follow","max-snippet":"max-snippet:-1","max-image-preview":"max-image-preview:large","max-video-preview":"max-video-preview:-1"},"canonical":"https:\/\/zeusmarketplace.net\/es_mx\/politicas\/","og_locale":"es_MX","og_type":"article","og_title":"Pol\u00edticas - Zeus Market Place","og_description":"1. Pol\u00edtica de Devoluciones y Reembolsos: La plataforma act\u00faa exclusivamente como intermediario de contacto. Cada vendedor o tienda dentro de nuestra plataforma establece sus propias pol\u00edticas de devoluci\u00f3n y reembolso. Antes de realizar una compra, el usuario debe consultar las condiciones espec\u00edficas del vendedor. La plataforma no procesa devoluciones directas ni retiene el dinero de las transacciones; cualquier reclamo o solicitud de reembolso debe ser gestionado y acordado directamente entre el comprador y el vendedor. 2. Pol\u00edtica de Env\u00edo y Entrega: Los t\u00e9rminos, costos y tiempos de env\u00edo son definidos exclusivamente por cada vendedor o acordados directamente entre el comprador y la tienda. La plataforma no realiza env\u00edos ni se hace responsable por la log\u00edstica de entrega. Es responsabilidad del comprador coordinar con el vendedor el m\u00e9todo de entrega (env\u00edo por paqueter\u00eda, entrega personal, retiro en local, etc.) y los costos asociados antes de finalizar la transacci\u00f3n. 3. Pol\u00edtica de pago: La plataforma facilita el espacio digital para conectar compradores y vendedores. El procesamiento del pago se realiza directamente a la cuenta del vendedor o mediante los acuerdos privados entre ambas partes (efectivo, transferencia directa, etc.). La plataforma no retiene fondos, no act\u00faa como banco y no se hace responsable por disputas financieras derivadas de pagos realizados fuera de los mecanismos de seguridad recomendados o por acuerdos privados entre las partes. 4. Pol\u00edtica de Seguridad y Datos: Implementamos medidas de seguridad para proteger la informaci\u00f3n personal de su cuenta dentro de nuestro sitio. Sin embargo, dado que la plataforma funciona como un enlace de contacto, recomendamos a los usuarios ejercer precauci\u00f3n al compartir informaci\u00f3n financiera sensible directamente con los vendedores. La plataforma no se hace responsable por el mal uso de datos que ocurra en comunicaciones privadas (chats externos, WhatsApp, llamadas) fuera de nuestro sistema. 5. Pol\u00edtica de Garant\u00eda La garant\u00eda, calidad, autenticidad y estado de los productos o servicios ofrecidos son responsabilidad exclusiva del vendedor. La plataforma no es propietaria de los art\u00edculos, no los tiene en posesi\u00f3n ni los inspecciona. Al utilizar este servicio, el comprador reconoce que cualquier reclamo por garant\u00eda o defecto debe ser dirigido exclusivamente a la tienda vendedora. La plataforma se exime de responsabilidad por el incumplimiento de acuerdos entre las partes. Pol\u00edtica de privacidad","og_url":"https:\/\/zeusmarketplace.net\/es_mx\/politicas\/","og_site_name":"Zeus Market Place","article_modified_time":"2026-01-13T18:14:00+00:00","og_image":[{"width":740,"height":418,"url":"https:\/\/zeusmarketplace.net\/wp-content\/uploads\/2023\/12\/Logo-zeus-mkp-blanco.png","type":"image\/png"}],"twitter_card":"summary_large_image","twitter_misc":{"Tiempo de lectura":"1 minuto"},"schema":{"@context":"https:\/\/schema.org","@graph":[{"@type":"WebPage","@id":"https:\/\/zeusmarketplace.net\/politicas\/","url":"https:\/\/zeusmarketplace.net\/politicas\/","name":"Pol\u00edticas - Zeus Market Place","isPartOf":{"@id":"https:\/\/zeusmarketplace.net\/#website"},"datePublished":"2023-11-15T21:22:53+00:00","dateModified":"2026-01-13T18:14:00+00:00","breadcrumb":{"@id":"https:\/\/zeusmarketplace.net\/politicas\/#breadcrumb"},"inLanguage":"es","potentialAction":[{"@type":"ReadAction","target":["https:\/\/zeusmarketplace.net\/politicas\/"]}]},{"@type":"BreadcrumbList","@id":"https:\/\/zeusmarketplace.net\/politicas\/#breadcrumb","itemListElement":[{"@type":"ListItem","position":1,"name":"Portada","item":"https:\/\/zeusmarketplace.net\/"},{"@type":"ListItem","position":2,"name":"Pol\u00edticas"}]},{"@type":"WebSite","@id":"https:\/\/zeusmarketplace.net\/#website","url":"https:\/\/zeusmarketplace.net\/","name":"Zeus Market Place","description":"Ventas y Compras Seguras Online","publisher":{"@id":"https:\/\/zeusmarketplace.net\/#organization"},"potentialAction":[{"@type":"SearchAction","target":{"@type":"EntryPoint","urlTemplate":"https:\/\/zeusmarketplace.net\/?s={search_term_string}"},"query-input":{"@type":"PropertyValueSpecification","valueRequired":true,"valueName":"search_term_string"}}],"inLanguage":"es"},{"@type":"Organization","@id":"https:\/\/zeusmarketplace.net\/#organization","name":"Zeus Market Place","url":"https:\/\/zeusmarketplace.net\/","logo":{"@type":"ImageObject","inLanguage":"es","@id":"https:\/\/zeusmarketplace.net\/#\/schema\/logo\/image\/","url":"https:\/\/zeusmarketplace.net\/wp-content\/uploads\/2024\/01\/cropped-Logo-social-zm2-1.png","contentUrl":"https:\/\/zeusmarketplace.net\/wp-content\/uploads\/2024\/01\/cropped-Logo-social-zm2-1.png","width":512,"height":512,"caption":"Zeus Market Place"},"image":{"@id":"https:\/\/zeusmarketplace.net\/#\/schema\/logo\/image\/"}}]}},"_links":{"self":[{"href":"https:\/\/zeusmarketplace.net\/es_mx\/wp-json\/wp\/v2\/pages\/10","targetHints":{"allow":["GET"]}}],"collection":[{"href":"https:\/\/zeusmarketplace.net\/es_mx\/wp-json\/wp\/v2\/pages"}],"about":[{"href":"https:\/\/zeusmarketplace.net\/es_mx\/wp-json\/wp\/v2\/types\/page"}],"author":[{"embeddable":true,"href":"https:\/\/zeusmarketplace.net\/es_mx\/wp-json\/wp\/v2\/users\/2"}],"replies":[{"embeddable":true,"href":"https:\/\/zeusmarketplace.net\/es_mx\/wp-json\/wp\/v2\/comments?post=10"}],"version-history":[{"count":14,"href":"https:\/\/zeusmarketplace.net\/es_mx\/wp-json\/wp\/v2\/pages\/10\/revisions"}],"predecessor-version":[{"id":2437,"href":"https:\/\/zeusmarketplace.net\/es_mx\/wp-json\/wp\/v2\/pages\/10\/revisions\/2437"}],"wp:attachment":[{"href":"https:\/\/zeusmarketplace.net\/es_mx\/wp-json\/wp\/v2\/media?parent=10"}],"curies":[{"name":"wp","href":"https:\/\/api.w.org\/{rel}","templated":true}]}}