{"id":1136,"date":"2024-02-08T17:45:17","date_gmt":"2024-02-08T22:45:17","guid":{"rendered":"https:\/\/zeusmarketplace.net\/product\/afiches-y-tripticos\/"},"modified":"2024-02-08T17:45:17","modified_gmt":"2024-02-08T22:45:17","slug":"afiches-y-tripticos","status":"publish","type":"product","link":"https:\/\/zeusmarketplace.net\/es_mx\/product\/afiches-y-tripticos\/","title":{"rendered":"AFICHES Y TRIPTICOS"},"content":{"rendered":"<p>AFICHES, FLYERS, TRIPTICOS, DIPTICOS y todo lo que buscas en publicidad impresa, con la mejor calidad y al mejor precio SOLO EN IMAGEN VIVA<br \/>\nCorreo: imagenvivaquito@hotmail.com<br \/>\nESTAMOS UBICADOS:<br \/>\nANTONIO DE ULLOA N21-37 Y JER\u00d3NIMO CARRI\u00d3N.<br \/>\nSOMOS IMAGEN VIVA<br \/>\nATR\u00c1S DE LA FACULTAD DE ADMINISTRACI\u00d3N DE LA U CENTRAL<br \/>\n09:00 A 18:00<\/p>","protected":false},"excerpt":{"rendered":"<p>Afiches y Tr\u00edpticos<\/p>","protected":false},"featured_media":1135,"comment_status":"open","ping_status":"closed","template":"","meta":[],"product_brand":[],"product_cat":[15],"product_tag":[238],"class_list":{"0":"post-1136","1":"product","2":"type-product","3":"status-publish","4":"has-post-thumbnail","6":"product_cat-otros","7":"product_tag-afiches","9":"first","10":"instock","11":"taxable","12":"shipping-taxable","13":"purchasable","14":"product-type-simple"},"yoast_head":"<!-- This site is optimized with the Yoast SEO plugin v27.3 - https:\/\/yoast.com\/product\/yoast-seo-wordpress\/ -->\n<title>AFICHES Y TRIPTICOS - Zeus Market Place<\/title>\n<meta name=\"robots\" content=\"index, follow, max-snippet:-1, max-image-preview:large, max-video-preview:-1\" \/>\n<link rel=\"canonical\" href=\"https:\/\/zeusmarketplace.net\/es_mx\/product\/afiches-y-tripticos\/\" \/>\n<meta property=\"og:locale\" content=\"es_MX\" \/>\n<meta property=\"og:type\" content=\"article\" \/>\n<meta property=\"og:title\" content=\"AFICHES Y TRIPTICOS - Zeus Market Place\" \/>\n<meta property=\"og:description\" content=\"Afiches y Tr\u00edpticos\" \/>\n<meta property=\"og:url\" content=\"https:\/\/zeusmarketplace.net\/es_mx\/product\/afiches-y-tripticos\/\" \/>\n<meta property=\"og:site_name\" content=\"Zeus Market Place\" \/>\n<meta property=\"og:image\" content=\"https:\/\/zeusmarketplace.net\/wp-content\/uploads\/2023\/12\/Logo-zeus-mkp-blanco.png\" \/>\n\t<meta property=\"og:image:width\" content=\"740\" \/>\n\t<meta property=\"og:image:height\" content=\"418\" \/>\n\t<meta property=\"og:image:type\" content=\"image\/png\" \/>\n<meta name=\"twitter:card\" content=\"summary_large_image\" \/>\n<script type=\"application\/ld+json\" class=\"yoast-schema-graph\">{\"@context\":\"https:\\\/\\\/schema.org\",\"@graph\":[{\"@type\":\"WebPage\",\"@id\":\"https:\\\/\\\/zeusmarketplace.net\\\/product\\\/afiches-y-tripticos\\\/\",\"url\":\"https:\\\/\\\/zeusmarketplace.net\\\/product\\\/afiches-y-tripticos\\\/\",\"name\":\"AFICHES Y TRIPTICOS - Zeus Market Place\",\"isPartOf\":{\"@id\":\"https:\\\/\\\/zeusmarketplace.net\\\/#website\"},\"primaryImageOfPage\":{\"@id\":\"https:\\\/\\\/zeusmarketplace.net\\\/product\\\/afiches-y-tripticos\\\/#primaryimage\"},\"image\":{\"@id\":\"https:\\\/\\\/zeusmarketplace.net\\\/product\\\/afiches-y-tripticos\\\/#primaryimage\"},\"thumbnailUrl\":\"https:\\\/\\\/zeusmarketplace.net\\\/wp-content\\\/uploads\\\/2024\\\/02\\\/DISENOS-POPSTS-IV-copia.jpg\",\"datePublished\":\"2024-02-08T22:45:17+00:00\",\"breadcrumb\":{\"@id\":\"https:\\\/\\\/zeusmarketplace.net\\\/product\\\/afiches-y-tripticos\\\/#breadcrumb\"},\"inLanguage\":\"es\",\"potentialAction\":[{\"@type\":\"ReadAction\",\"target\":[\"https:\\\/\\\/zeusmarketplace.net\\\/product\\\/afiches-y-tripticos\\\/\"]}]},{\"@type\":\"ImageObject\",\"inLanguage\":\"es\",\"@id\":\"https:\\\/\\\/zeusmarketplace.net\\\/product\\\/afiches-y-tripticos\\\/#primaryimage\",\"url\":\"https:\\\/\\\/zeusmarketplace.net\\\/wp-content\\\/uploads\\\/2024\\\/02\\\/DISENOS-POPSTS-IV-copia.jpg\",\"contentUrl\":\"https:\\\/\\\/zeusmarketplace.net\\\/wp-content\\\/uploads\\\/2024\\\/02\\\/DISENOS-POPSTS-IV-copia.jpg\",\"width\":600,\"height\":600,\"caption\":\"AFICHES, FLYERS, TRIPTICOS, DIPTICOS y todo lo que buscas en publicidad impresa, con la mejor calidad y al mejor precio SOLO EN IMAGEN VIVA Correo: imagenvivaquito@hotmail.com ESTAMOS UBICADOS: ANTONIO DE ULLOA N21-37 Y JER\u00d3NIMO CARRI\u00d3N. SOMOS IMAGEN VIVA ATR\u00c1S DE LA FACULTAD DE ADMINISTRACI\u00d3N DE LA U CENTRAL 09:00 A 18:00\"},{\"@type\":\"BreadcrumbList\",\"@id\":\"https:\\\/\\\/zeusmarketplace.net\\\/product\\\/afiches-y-tripticos\\\/#breadcrumb\",\"itemListElement\":[{\"@type\":\"ListItem\",\"position\":1,\"name\":\"Portada\",\"item\":\"https:\\\/\\\/zeusmarketplace.net\\\/\"},{\"@type\":\"ListItem\",\"position\":2,\"name\":\"Tienda\",\"item\":\"https:\\\/\\\/zeusmarketplace.net\\\/tienda\\\/\"},{\"@type\":\"ListItem\",\"position\":3,\"name\":\"AFICHES Y TRIPTICOS\"}]},{\"@type\":\"WebSite\",\"@id\":\"https:\\\/\\\/zeusmarketplace.net\\\/#website\",\"url\":\"https:\\\/\\\/zeusmarketplace.net\\\/\",\"name\":\"Zeus Market Place\",\"description\":\"Ventas y Compras Seguras Online\",\"publisher\":{\"@id\":\"https:\\\/\\\/zeusmarketplace.net\\\/#organization\"},\"potentialAction\":[{\"@type\":\"SearchAction\",\"target\":{\"@type\":\"EntryPoint\",\"urlTemplate\":\"https:\\\/\\\/zeusmarketplace.net\\\/?s={search_term_string}\"},\"query-input\":{\"@type\":\"PropertyValueSpecification\",\"valueRequired\":true,\"valueName\":\"search_term_string\"}}],\"inLanguage\":\"es\"},{\"@type\":\"Organization\",\"@id\":\"https:\\\/\\\/zeusmarketplace.net\\\/#organization\",\"name\":\"Zeus Market Place\",\"url\":\"https:\\\/\\\/zeusmarketplace.net\\\/\",\"logo\":{\"@type\":\"ImageObject\",\"inLanguage\":\"es\",\"@id\":\"https:\\\/\\\/zeusmarketplace.net\\\/#\\\/schema\\\/logo\\\/image\\\/\",\"url\":\"https:\\\/\\\/zeusmarketplace.net\\\/wp-content\\\/uploads\\\/2024\\\/01\\\/cropped-Logo-social-zm2-1.png\",\"contentUrl\":\"https:\\\/\\\/zeusmarketplace.net\\\/wp-content\\\/uploads\\\/2024\\\/01\\\/cropped-Logo-social-zm2-1.png\",\"width\":512,\"height\":512,\"caption\":\"Zeus Market Place\"},\"image\":{\"@id\":\"https:\\\/\\\/zeusmarketplace.net\\\/#\\\/schema\\\/logo\\\/image\\\/\"}}]}<\/script>\n<!-- \/ Yoast SEO plugin. -->","yoast_head_json":{"title":"AFICHES Y TRIPTICOS - Zeus Market Place","robots":{"index":"index","follow":"follow","max-snippet":"max-snippet:-1","max-image-preview":"max-image-preview:large","max-video-preview":"max-video-preview:-1"},"canonical":"https:\/\/zeusmarketplace.net\/es_mx\/product\/afiches-y-tripticos\/","og_locale":"es_MX","og_type":"article","og_title":"AFICHES Y TRIPTICOS - Zeus Market Place","og_description":"Afiches y Tr\u00edpticos","og_url":"https:\/\/zeusmarketplace.net\/es_mx\/product\/afiches-y-tripticos\/","og_site_name":"Zeus Market Place","og_image":[{"width":740,"height":418,"url":"https:\/\/zeusmarketplace.net\/wp-content\/uploads\/2023\/12\/Logo-zeus-mkp-blanco.png","type":"image\/png"}],"twitter_card":"summary_large_image","schema":{"@context":"https:\/\/schema.org","@graph":[{"@type":"WebPage","@id":"https:\/\/zeusmarketplace.net\/product\/afiches-y-tripticos\/","url":"https:\/\/zeusmarketplace.net\/product\/afiches-y-tripticos\/","name":"AFICHES Y TRIPTICOS - Zeus Market Place","isPartOf":{"@id":"https:\/\/zeusmarketplace.net\/#website"},"primaryImageOfPage":{"@id":"https:\/\/zeusmarketplace.net\/product\/afiches-y-tripticos\/#primaryimage"},"image":{"@id":"https:\/\/zeusmarketplace.net\/product\/afiches-y-tripticos\/#primaryimage"},"thumbnailUrl":"https:\/\/zeusmarketplace.net\/wp-content\/uploads\/2024\/02\/DISENOS-POPSTS-IV-copia.jpg","datePublished":"2024-02-08T22:45:17+00:00","breadcrumb":{"@id":"https:\/\/zeusmarketplace.net\/product\/afiches-y-tripticos\/#breadcrumb"},"inLanguage":"es","potentialAction":[{"@type":"ReadAction","target":["https:\/\/zeusmarketplace.net\/product\/afiches-y-tripticos\/"]}]},{"@type":"ImageObject","inLanguage":"es","@id":"https:\/\/zeusmarketplace.net\/product\/afiches-y-tripticos\/#primaryimage","url":"https:\/\/zeusmarketplace.net\/wp-content\/uploads\/2024\/02\/DISENOS-POPSTS-IV-copia.jpg","contentUrl":"https:\/\/zeusmarketplace.net\/wp-content\/uploads\/2024\/02\/DISENOS-POPSTS-IV-copia.jpg","width":600,"height":600,"caption":"AFICHES, FLYERS, TRIPTICOS, DIPTICOS y todo lo que buscas en publicidad impresa, con la mejor calidad y al mejor precio SOLO EN IMAGEN VIVA Correo: imagenvivaquito@hotmail.com ESTAMOS UBICADOS: ANTONIO DE ULLOA N21-37 Y JER\u00d3NIMO CARRI\u00d3N. SOMOS IMAGEN VIVA ATR\u00c1S DE LA FACULTAD DE ADMINISTRACI\u00d3N DE LA U CENTRAL 09:00 A 18:00"},{"@type":"BreadcrumbList","@id":"https:\/\/zeusmarketplace.net\/product\/afiches-y-tripticos\/#breadcrumb","itemListElement":[{"@type":"ListItem","position":1,"name":"Portada","item":"https:\/\/zeusmarketplace.net\/"},{"@type":"ListItem","position":2,"name":"Tienda","item":"https:\/\/zeusmarketplace.net\/tienda\/"},{"@type":"ListItem","position":3,"name":"AFICHES Y TRIPTICOS"}]},{"@type":"WebSite","@id":"https:\/\/zeusmarketplace.net\/#website","url":"https:\/\/zeusmarketplace.net\/","name":"Zeus Market Place","description":"Ventas y Compras Seguras Online","publisher":{"@id":"https:\/\/zeusmarketplace.net\/#organization"},"potentialAction":[{"@type":"SearchAction","target":{"@type":"EntryPoint","urlTemplate":"https:\/\/zeusmarketplace.net\/?s={search_term_string}"},"query-input":{"@type":"PropertyValueSpecification","valueRequired":true,"valueName":"search_term_string"}}],"inLanguage":"es"},{"@type":"Organization","@id":"https:\/\/zeusmarketplace.net\/#organization","name":"Zeus Market Place","url":"https:\/\/zeusmarketplace.net\/","logo":{"@type":"ImageObject","inLanguage":"es","@id":"https:\/\/zeusmarketplace.net\/#\/schema\/logo\/image\/","url":"https:\/\/zeusmarketplace.net\/wp-content\/uploads\/2024\/01\/cropped-Logo-social-zm2-1.png","contentUrl":"https:\/\/zeusmarketplace.net\/wp-content\/uploads\/2024\/01\/cropped-Logo-social-zm2-1.png","width":512,"height":512,"caption":"Zeus Market Place"},"image":{"@id":"https:\/\/zeusmarketplace.net\/#\/schema\/logo\/image\/"}}]}},"_links":{"self":[{"href":"https:\/\/zeusmarketplace.net\/es_mx\/wp-json\/wp\/v2\/product\/1136","targetHints":{"allow":["GET"]}}],"collection":[{"href":"https:\/\/zeusmarketplace.net\/es_mx\/wp-json\/wp\/v2\/product"}],"about":[{"href":"https:\/\/zeusmarketplace.net\/es_mx\/wp-json\/wp\/v2\/types\/product"}],"replies":[{"embeddable":true,"href":"https:\/\/zeusmarketplace.net\/es_mx\/wp-json\/wp\/v2\/comments?post=1136"}],"version-history":[{"count":0,"href":"https:\/\/zeusmarketplace.net\/es_mx\/wp-json\/wp\/v2\/product\/1136\/revisions"}],"wp:featuredmedia":[{"embeddable":true,"href":"https:\/\/zeusmarketplace.net\/es_mx\/wp-json\/wp\/v2\/media\/1135"}],"wp:attachment":[{"href":"https:\/\/zeusmarketplace.net\/es_mx\/wp-json\/wp\/v2\/media?parent=1136"}],"wp:term":[{"taxonomy":"product_brand","embeddable":true,"href":"https:\/\/zeusmarketplace.net\/es_mx\/wp-json\/wp\/v2\/product_brand?post=1136"},{"taxonomy":"product_cat","embeddable":true,"href":"https:\/\/zeusmarketplace.net\/es_mx\/wp-json\/wp\/v2\/product_cat?post=1136"},{"taxonomy":"product_tag","embeddable":true,"href":"https:\/\/zeusmarketplace.net\/es_mx\/wp-json\/wp\/v2\/product_tag?post=1136"}],"curies":[{"name":"wp","href":"https:\/\/api.w.org\/{rel}","templated":true}]}}