{"id":1425,"date":"2024-12-04T18:08:58","date_gmt":"2024-12-04T23:08:58","guid":{"rendered":"https:\/\/zeusmarketplace.net\/product\/vendo-cama-plana-90x60-maquina-uv-tambien-realiza-dtf\/"},"modified":"2026-03-30T10:02:41","modified_gmt":"2026-03-30T15:02:41","slug":"vendo-cama-plana-90x60-maquina-uv-tambien-realiza-dtf","status":"publish","type":"product","link":"https:\/\/zeusmarketplace.net\/es_mx\/product\/vendo-cama-plana-90x60-maquina-uv-tambien-realiza-dtf\/","title":{"rendered":"Vendo cama plana 90&#215;60 m\u00e1quina Uv tambien realiza DTF"},"content":{"rendered":"<p><span style=\"color: #080809;font-family: 'Segoe UI Historic', 'Segoe UI', Helvetica, Arial, sans-serif;font-size: 15px\">Vend\u00f3 Plotter uv Mimaki ujv100-160 con 2 cabezales nuevos configurado para que imprima capa blanca en lonas o adhesivos de color incluso adhesivos dorados plateados, hologr\u00e1ficos. Tambi\u00e9n se puede configurar para barniz.<\/span><\/p>","protected":false},"excerpt":{"rendered":"<p>Vendo cama plana m\u00e1quina uv medida 90&#215;60<br \/>\n3 cabezales nuevos<br \/>\nColores<br \/>\nBlanco<br \/>\nBarniz<br \/>\nPersonaliza varios objetos inclusive objetos cil\u00edndricos<\/p>\n<p>funciones<br \/>\nimpresion directa en:<br \/>\nMadera<br \/>\nAcrilico<br \/>\nVinilo<br \/>\nvidrio<br \/>\nmarmol<br \/>\ngranito<br \/>\nbaldosa<\/p>\n<p>dtf rigido<\/p>","protected":false},"featured_media":1424,"comment_status":"open","ping_status":"closed","template":"","meta":[],"product_brand":[],"product_cat":[15],"product_tag":[],"class_list":{"0":"post-1425","1":"product","2":"type-product","3":"status-publish","4":"has-post-thumbnail","6":"product_cat-otros","8":"first","9":"instock","10":"taxable","11":"shipping-taxable","12":"purchasable","13":"product-type-simple"},"yoast_head":"<!-- This site is optimized with the Yoast SEO plugin v27.5 - https:\/\/yoast.com\/product\/yoast-seo-wordpress\/ -->\n<title>Vendo cama plana 90x60 m\u00e1quina Uv tambien realiza DTF - Zeus Market Place<\/title>\n<meta name=\"robots\" content=\"index, follow, max-snippet:-1, max-image-preview:large, max-video-preview:-1\" \/>\n<link rel=\"canonical\" href=\"https:\/\/zeusmarketplace.net\/es_mx\/product\/vendo-cama-plana-90x60-maquina-uv-tambien-realiza-dtf\/\" \/>\n<meta property=\"og:locale\" content=\"es_MX\" \/>\n<meta property=\"og:type\" content=\"article\" \/>\n<meta property=\"og:title\" content=\"Vendo cama plana 90x60 m\u00e1quina Uv tambien realiza DTF - Zeus Market Place\" \/>\n<meta property=\"og:description\" content=\"Vendo cama plana m\u00e1quina uv medida 90x60 3 cabezales nuevos  Colores Blanco Barniz Personaliza varios objetos inclusive objetos cil\u00edndricos  funciones impresion directa en: Madera Acrilico Vinilo vidrio marmol granito baldosa  dtf rigido\" \/>\n<meta property=\"og:url\" content=\"https:\/\/zeusmarketplace.net\/es_mx\/product\/vendo-cama-plana-90x60-maquina-uv-tambien-realiza-dtf\/\" \/>\n<meta property=\"og:site_name\" content=\"Zeus Market Place\" \/>\n<meta property=\"article:modified_time\" content=\"2026-03-30T15:02:41+00:00\" \/>\n<meta property=\"og:image\" content=\"https:\/\/zeusmarketplace.net\/wp-content\/uploads\/2024\/12\/406568353_7105709292800904_4331911441452099325_n.jpg\" \/>\n\t<meta property=\"og:image:width\" content=\"450\" \/>\n\t<meta property=\"og:image:height\" content=\"600\" \/>\n\t<meta property=\"og:image:type\" content=\"image\/jpeg\" \/>\n<meta name=\"twitter:card\" content=\"summary_large_image\" \/>\n<script type=\"application\/ld+json\" class=\"yoast-schema-graph\">{\"@context\":\"https:\\\/\\\/schema.org\",\"@graph\":[{\"@type\":\"WebPage\",\"@id\":\"https:\\\/\\\/zeusmarketplace.net\\\/product\\\/vendo-cama-plana-90x60-maquina-uv-tambien-realiza-dtf\\\/\",\"url\":\"https:\\\/\\\/zeusmarketplace.net\\\/product\\\/vendo-cama-plana-90x60-maquina-uv-tambien-realiza-dtf\\\/\",\"name\":\"Vendo cama plana 90x60 m\u00e1quina Uv tambien realiza DTF - Zeus Market Place\",\"isPartOf\":{\"@id\":\"https:\\\/\\\/zeusmarketplace.net\\\/#website\"},\"primaryImageOfPage\":{\"@id\":\"https:\\\/\\\/zeusmarketplace.net\\\/product\\\/vendo-cama-plana-90x60-maquina-uv-tambien-realiza-dtf\\\/#primaryimage\"},\"image\":{\"@id\":\"https:\\\/\\\/zeusmarketplace.net\\\/product\\\/vendo-cama-plana-90x60-maquina-uv-tambien-realiza-dtf\\\/#primaryimage\"},\"thumbnailUrl\":\"https:\\\/\\\/zeusmarketplace.net\\\/wp-content\\\/uploads\\\/2024\\\/12\\\/406568353_7105709292800904_4331911441452099325_n.jpg\",\"datePublished\":\"2024-12-04T23:08:58+00:00\",\"dateModified\":\"2026-03-30T15:02:41+00:00\",\"breadcrumb\":{\"@id\":\"https:\\\/\\\/zeusmarketplace.net\\\/product\\\/vendo-cama-plana-90x60-maquina-uv-tambien-realiza-dtf\\\/#breadcrumb\"},\"inLanguage\":\"es\",\"potentialAction\":[{\"@type\":\"ReadAction\",\"target\":[\"https:\\\/\\\/zeusmarketplace.net\\\/product\\\/vendo-cama-plana-90x60-maquina-uv-tambien-realiza-dtf\\\/\"]}]},{\"@type\":\"ImageObject\",\"inLanguage\":\"es\",\"@id\":\"https:\\\/\\\/zeusmarketplace.net\\\/product\\\/vendo-cama-plana-90x60-maquina-uv-tambien-realiza-dtf\\\/#primaryimage\",\"url\":\"https:\\\/\\\/zeusmarketplace.net\\\/wp-content\\\/uploads\\\/2024\\\/12\\\/406568353_7105709292800904_4331911441452099325_n.jpg\",\"contentUrl\":\"https:\\\/\\\/zeusmarketplace.net\\\/wp-content\\\/uploads\\\/2024\\\/12\\\/406568353_7105709292800904_4331911441452099325_n.jpg\",\"width\":450,\"height\":600},{\"@type\":\"BreadcrumbList\",\"@id\":\"https:\\\/\\\/zeusmarketplace.net\\\/product\\\/vendo-cama-plana-90x60-maquina-uv-tambien-realiza-dtf\\\/#breadcrumb\",\"itemListElement\":[{\"@type\":\"ListItem\",\"position\":1,\"name\":\"Portada\",\"item\":\"https:\\\/\\\/zeusmarketplace.net\\\/\"},{\"@type\":\"ListItem\",\"position\":2,\"name\":\"Tienda\",\"item\":\"https:\\\/\\\/zeusmarketplace.net\\\/tienda\\\/\"},{\"@type\":\"ListItem\",\"position\":3,\"name\":\"Vendo cama plana 90&#215;60 m\u00e1quina Uv tambien realiza DTF\"}]},{\"@type\":\"WebSite\",\"@id\":\"https:\\\/\\\/zeusmarketplace.net\\\/#website\",\"url\":\"https:\\\/\\\/zeusmarketplace.net\\\/\",\"name\":\"Zeus Market Place\",\"description\":\"Ventas y Compras Seguras Online\",\"publisher\":{\"@id\":\"https:\\\/\\\/zeusmarketplace.net\\\/#organization\"},\"potentialAction\":[{\"@type\":\"SearchAction\",\"target\":{\"@type\":\"EntryPoint\",\"urlTemplate\":\"https:\\\/\\\/zeusmarketplace.net\\\/?s={search_term_string}\"},\"query-input\":{\"@type\":\"PropertyValueSpecification\",\"valueRequired\":true,\"valueName\":\"search_term_string\"}}],\"inLanguage\":\"es\"},{\"@type\":\"Organization\",\"@id\":\"https:\\\/\\\/zeusmarketplace.net\\\/#organization\",\"name\":\"Zeus Market Place\",\"url\":\"https:\\\/\\\/zeusmarketplace.net\\\/\",\"logo\":{\"@type\":\"ImageObject\",\"inLanguage\":\"es\",\"@id\":\"https:\\\/\\\/zeusmarketplace.net\\\/#\\\/schema\\\/logo\\\/image\\\/\",\"url\":\"https:\\\/\\\/zeusmarketplace.net\\\/wp-content\\\/uploads\\\/2024\\\/01\\\/cropped-Logo-social-zm2-1.png\",\"contentUrl\":\"https:\\\/\\\/zeusmarketplace.net\\\/wp-content\\\/uploads\\\/2024\\\/01\\\/cropped-Logo-social-zm2-1.png\",\"width\":512,\"height\":512,\"caption\":\"Zeus Market Place\"},\"image\":{\"@id\":\"https:\\\/\\\/zeusmarketplace.net\\\/#\\\/schema\\\/logo\\\/image\\\/\"}}]}<\/script>\n<!-- \/ Yoast SEO plugin. -->","yoast_head_json":{"title":"Vendo cama plana 90x60 m\u00e1quina Uv tambien realiza DTF - Zeus Market Place","robots":{"index":"index","follow":"follow","max-snippet":"max-snippet:-1","max-image-preview":"max-image-preview:large","max-video-preview":"max-video-preview:-1"},"canonical":"https:\/\/zeusmarketplace.net\/es_mx\/product\/vendo-cama-plana-90x60-maquina-uv-tambien-realiza-dtf\/","og_locale":"es_MX","og_type":"article","og_title":"Vendo cama plana 90x60 m\u00e1quina Uv tambien realiza DTF - Zeus Market Place","og_description":"Vendo cama plana m\u00e1quina uv medida 90x60 3 cabezales nuevos  Colores Blanco Barniz Personaliza varios objetos inclusive objetos cil\u00edndricos  funciones impresion directa en: Madera Acrilico Vinilo vidrio marmol granito baldosa  dtf rigido","og_url":"https:\/\/zeusmarketplace.net\/es_mx\/product\/vendo-cama-plana-90x60-maquina-uv-tambien-realiza-dtf\/","og_site_name":"Zeus Market Place","article_modified_time":"2026-03-30T15:02:41+00:00","og_image":[{"width":450,"height":600,"url":"https:\/\/zeusmarketplace.net\/wp-content\/uploads\/2024\/12\/406568353_7105709292800904_4331911441452099325_n.jpg","type":"image\/jpeg"}],"twitter_card":"summary_large_image","schema":{"@context":"https:\/\/schema.org","@graph":[{"@type":"WebPage","@id":"https:\/\/zeusmarketplace.net\/product\/vendo-cama-plana-90x60-maquina-uv-tambien-realiza-dtf\/","url":"https:\/\/zeusmarketplace.net\/product\/vendo-cama-plana-90x60-maquina-uv-tambien-realiza-dtf\/","name":"Vendo cama plana 90x60 m\u00e1quina Uv tambien realiza DTF - Zeus Market Place","isPartOf":{"@id":"https:\/\/zeusmarketplace.net\/#website"},"primaryImageOfPage":{"@id":"https:\/\/zeusmarketplace.net\/product\/vendo-cama-plana-90x60-maquina-uv-tambien-realiza-dtf\/#primaryimage"},"image":{"@id":"https:\/\/zeusmarketplace.net\/product\/vendo-cama-plana-90x60-maquina-uv-tambien-realiza-dtf\/#primaryimage"},"thumbnailUrl":"https:\/\/zeusmarketplace.net\/wp-content\/uploads\/2024\/12\/406568353_7105709292800904_4331911441452099325_n.jpg","datePublished":"2024-12-04T23:08:58+00:00","dateModified":"2026-03-30T15:02:41+00:00","breadcrumb":{"@id":"https:\/\/zeusmarketplace.net\/product\/vendo-cama-plana-90x60-maquina-uv-tambien-realiza-dtf\/#breadcrumb"},"inLanguage":"es","potentialAction":[{"@type":"ReadAction","target":["https:\/\/zeusmarketplace.net\/product\/vendo-cama-plana-90x60-maquina-uv-tambien-realiza-dtf\/"]}]},{"@type":"ImageObject","inLanguage":"es","@id":"https:\/\/zeusmarketplace.net\/product\/vendo-cama-plana-90x60-maquina-uv-tambien-realiza-dtf\/#primaryimage","url":"https:\/\/zeusmarketplace.net\/wp-content\/uploads\/2024\/12\/406568353_7105709292800904_4331911441452099325_n.jpg","contentUrl":"https:\/\/zeusmarketplace.net\/wp-content\/uploads\/2024\/12\/406568353_7105709292800904_4331911441452099325_n.jpg","width":450,"height":600},{"@type":"BreadcrumbList","@id":"https:\/\/zeusmarketplace.net\/product\/vendo-cama-plana-90x60-maquina-uv-tambien-realiza-dtf\/#breadcrumb","itemListElement":[{"@type":"ListItem","position":1,"name":"Portada","item":"https:\/\/zeusmarketplace.net\/"},{"@type":"ListItem","position":2,"name":"Tienda","item":"https:\/\/zeusmarketplace.net\/tienda\/"},{"@type":"ListItem","position":3,"name":"Vendo cama plana 90&#215;60 m\u00e1quina Uv tambien realiza DTF"}]},{"@type":"WebSite","@id":"https:\/\/zeusmarketplace.net\/#website","url":"https:\/\/zeusmarketplace.net\/","name":"Zeus Market Place","description":"Ventas y Compras Seguras Online","publisher":{"@id":"https:\/\/zeusmarketplace.net\/#organization"},"potentialAction":[{"@type":"SearchAction","target":{"@type":"EntryPoint","urlTemplate":"https:\/\/zeusmarketplace.net\/?s={search_term_string}"},"query-input":{"@type":"PropertyValueSpecification","valueRequired":true,"valueName":"search_term_string"}}],"inLanguage":"es"},{"@type":"Organization","@id":"https:\/\/zeusmarketplace.net\/#organization","name":"Zeus Market Place","url":"https:\/\/zeusmarketplace.net\/","logo":{"@type":"ImageObject","inLanguage":"es","@id":"https:\/\/zeusmarketplace.net\/#\/schema\/logo\/image\/","url":"https:\/\/zeusmarketplace.net\/wp-content\/uploads\/2024\/01\/cropped-Logo-social-zm2-1.png","contentUrl":"https:\/\/zeusmarketplace.net\/wp-content\/uploads\/2024\/01\/cropped-Logo-social-zm2-1.png","width":512,"height":512,"caption":"Zeus Market Place"},"image":{"@id":"https:\/\/zeusmarketplace.net\/#\/schema\/logo\/image\/"}}]}},"_links":{"self":[{"href":"https:\/\/zeusmarketplace.net\/es_mx\/wp-json\/wp\/v2\/product\/1425","targetHints":{"allow":["GET"]}}],"collection":[{"href":"https:\/\/zeusmarketplace.net\/es_mx\/wp-json\/wp\/v2\/product"}],"about":[{"href":"https:\/\/zeusmarketplace.net\/es_mx\/wp-json\/wp\/v2\/types\/product"}],"replies":[{"embeddable":true,"href":"https:\/\/zeusmarketplace.net\/es_mx\/wp-json\/wp\/v2\/comments?post=1425"}],"version-history":[{"count":1,"href":"https:\/\/zeusmarketplace.net\/es_mx\/wp-json\/wp\/v2\/product\/1425\/revisions"}],"predecessor-version":[{"id":1432,"href":"https:\/\/zeusmarketplace.net\/es_mx\/wp-json\/wp\/v2\/product\/1425\/revisions\/1432"}],"wp:featuredmedia":[{"embeddable":true,"href":"https:\/\/zeusmarketplace.net\/es_mx\/wp-json\/wp\/v2\/media\/1424"}],"wp:attachment":[{"href":"https:\/\/zeusmarketplace.net\/es_mx\/wp-json\/wp\/v2\/media?parent=1425"}],"wp:term":[{"taxonomy":"product_brand","embeddable":true,"href":"https:\/\/zeusmarketplace.net\/es_mx\/wp-json\/wp\/v2\/product_brand?post=1425"},{"taxonomy":"product_cat","embeddable":true,"href":"https:\/\/zeusmarketplace.net\/es_mx\/wp-json\/wp\/v2\/product_cat?post=1425"},{"taxonomy":"product_tag","embeddable":true,"href":"https:\/\/zeusmarketplace.net\/es_mx\/wp-json\/wp\/v2\/product_tag?post=1425"}],"curies":[{"name":"wp","href":"https:\/\/api.w.org\/{rel}","templated":true}]}}