{"id":2474,"date":"2026-01-15T15:51:51","date_gmt":"2026-01-15T20:51:51","guid":{"rendered":"https:\/\/zeusmarketplace.net\/product\/flyers-y-tarjetas-personalizadas\/"},"modified":"2026-01-15T15:52:33","modified_gmt":"2026-01-15T20:52:33","slug":"flyers-y-tarjetas-personalizadas","status":"publish","type":"product","link":"https:\/\/zeusmarketplace.net\/es_mx\/product\/flyers-y-tarjetas-personalizadas\/","title":{"rendered":"FLYERS Y TARJETAS PERSONALIZADAS"},"content":{"rendered":"","protected":false},"excerpt":{"rendered":"<p><span class=\"x193iq5w xeuugli x13faqbe x1vvkbs x1xmvt09 x1lliihq x1s928wv xhkezso x1gmr53x x1cpjm7i x1fgarty x1943h6x xudqn12 x3x7a5m x6prxxf xvq8zen xo1l8bm xzsf02u\" dir=\"auto\">\ud83d\udcb3 \u00a1Dale identidad a tu marca con Tarjetas de Presentaci\u00f3n y Flyers que destacan desde el primer vistazo! Transmite profesionalismo y estilo con impresiones full color y dise\u00f1os personalizados que hablan por ti. \ud83c\udfa8 Flyers publicitarios ideales para promociones, eventos y lanzamientos. \ud83d\udcbc Tarjetas de presentaci\u00f3n que reflejan tu esencia y dejan huella. \u26a1 \u00a1Entrega express en solo 90 minutos! \u2728 Elige entre nuestros acabados premium: \u2714 Brillante \u2714 Mate \u2714 UV selectivo (efecto relieve y brillo localizado) \u2714 Imantadas, ideales para mantener tu marca siempre visible \u2705 Impresi\u00f3n n\u00edtida, papel de alta calidad y atenci\u00f3n personalizada. \ud83d\udd25 Promoci\u00f3n especial: \u00a1obten un 10% de descuento en tu primer pedido express! \ud83d\udce9 Escribinos hoy y lleva tu imagen al siguiente nivel\u2026 en 90 MINUTOS.<\/span><\/p>","protected":false},"featured_media":2473,"comment_status":"open","ping_status":"closed","template":"","meta":[],"product_brand":[],"product_cat":[15,181],"product_tag":[],"class_list":{"0":"post-2474","1":"product","2":"type-product","3":"status-publish","4":"has-post-thumbnail","6":"product_cat-otros","7":"product_cat-publcidad","9":"first","10":"instock","11":"taxable","12":"shipping-taxable","13":"product-type-simple"},"yoast_head":"<!-- This site is optimized with the Yoast SEO plugin v27.5 - https:\/\/yoast.com\/product\/yoast-seo-wordpress\/ -->\n<title>FLYERS Y TARJETAS PERSONALIZADAS - Zeus Market Place<\/title>\n<meta name=\"robots\" content=\"index, follow, max-snippet:-1, max-image-preview:large, max-video-preview:-1\" \/>\n<link rel=\"canonical\" href=\"https:\/\/zeusmarketplace.net\/es_mx\/product\/flyers-y-tarjetas-personalizadas\/\" \/>\n<meta property=\"og:locale\" content=\"es_MX\" \/>\n<meta property=\"og:type\" content=\"article\" \/>\n<meta property=\"og:title\" content=\"FLYERS Y TARJETAS PERSONALIZADAS - Zeus Market Place\" \/>\n<meta property=\"og:description\" content=\"\ud83d\udcb3 \u00a1Dale identidad a tu marca con Tarjetas de Presentaci\u00f3n y Flyers que destacan desde el primer vistazo! Transmite profesionalismo y estilo con impresiones full color y dise\u00f1os personalizados que hablan por ti. \ud83c\udfa8 Flyers publicitarios ideales para promociones, eventos y lanzamientos. \ud83d\udcbc Tarjetas de presentaci\u00f3n que reflejan tu esencia y dejan huella. \u26a1 \u00a1Entrega express en solo 90 minutos! \u2728 Elige entre nuestros acabados premium: \u2714 Brillante \u2714 Mate \u2714 UV selectivo (efecto relieve y brillo localizado) \u2714 Imantadas, ideales para mantener tu marca siempre visible \u2705 Impresi\u00f3n n\u00edtida, papel de alta calidad y atenci\u00f3n personalizada. \ud83d\udd25 Promoci\u00f3n especial: \u00a1obten un 10% de descuento en tu primer pedido express! \ud83d\udce9 Escribinos hoy y lleva tu imagen al siguiente nivel\u2026 en 90 MINUTOS.\" \/>\n<meta property=\"og:url\" content=\"https:\/\/zeusmarketplace.net\/es_mx\/product\/flyers-y-tarjetas-personalizadas\/\" \/>\n<meta property=\"og:site_name\" content=\"Zeus Market Place\" \/>\n<meta property=\"article:modified_time\" content=\"2026-01-15T20:52:33+00:00\" \/>\n<meta property=\"og:image\" content=\"https:\/\/zeusmarketplace.net\/wp-content\/uploads\/2026\/01\/cropped-POST-IDENTIDAD-PUBLICITARIA-03.png\" \/>\n\t<meta property=\"og:image:width\" content=\"600\" \/>\n\t<meta property=\"og:image:height\" content=\"600\" \/>\n\t<meta property=\"og:image:type\" content=\"image\/png\" \/>\n<meta name=\"twitter:card\" content=\"summary_large_image\" \/>\n<script type=\"application\/ld+json\" class=\"yoast-schema-graph\">{\"@context\":\"https:\\\/\\\/schema.org\",\"@graph\":[{\"@type\":\"WebPage\",\"@id\":\"https:\\\/\\\/zeusmarketplace.net\\\/product\\\/flyers-y-tarjetas-personalizadas\\\/\",\"url\":\"https:\\\/\\\/zeusmarketplace.net\\\/product\\\/flyers-y-tarjetas-personalizadas\\\/\",\"name\":\"FLYERS Y TARJETAS PERSONALIZADAS - Zeus Market Place\",\"isPartOf\":{\"@id\":\"https:\\\/\\\/zeusmarketplace.net\\\/#website\"},\"primaryImageOfPage\":{\"@id\":\"https:\\\/\\\/zeusmarketplace.net\\\/product\\\/flyers-y-tarjetas-personalizadas\\\/#primaryimage\"},\"image\":{\"@id\":\"https:\\\/\\\/zeusmarketplace.net\\\/product\\\/flyers-y-tarjetas-personalizadas\\\/#primaryimage\"},\"thumbnailUrl\":\"https:\\\/\\\/zeusmarketplace.net\\\/wp-content\\\/uploads\\\/2026\\\/01\\\/cropped-POST-IDENTIDAD-PUBLICITARIA-03.png\",\"datePublished\":\"2026-01-15T20:51:51+00:00\",\"dateModified\":\"2026-01-15T20:52:33+00:00\",\"breadcrumb\":{\"@id\":\"https:\\\/\\\/zeusmarketplace.net\\\/product\\\/flyers-y-tarjetas-personalizadas\\\/#breadcrumb\"},\"inLanguage\":\"es\",\"potentialAction\":[{\"@type\":\"ReadAction\",\"target\":[\"https:\\\/\\\/zeusmarketplace.net\\\/product\\\/flyers-y-tarjetas-personalizadas\\\/\"]}]},{\"@type\":\"ImageObject\",\"inLanguage\":\"es\",\"@id\":\"https:\\\/\\\/zeusmarketplace.net\\\/product\\\/flyers-y-tarjetas-personalizadas\\\/#primaryimage\",\"url\":\"https:\\\/\\\/zeusmarketplace.net\\\/wp-content\\\/uploads\\\/2026\\\/01\\\/cropped-POST-IDENTIDAD-PUBLICITARIA-03.png\",\"contentUrl\":\"https:\\\/\\\/zeusmarketplace.net\\\/wp-content\\\/uploads\\\/2026\\\/01\\\/cropped-POST-IDENTIDAD-PUBLICITARIA-03.png\",\"width\":600,\"height\":600},{\"@type\":\"BreadcrumbList\",\"@id\":\"https:\\\/\\\/zeusmarketplace.net\\\/product\\\/flyers-y-tarjetas-personalizadas\\\/#breadcrumb\",\"itemListElement\":[{\"@type\":\"ListItem\",\"position\":1,\"name\":\"Portada\",\"item\":\"https:\\\/\\\/zeusmarketplace.net\\\/\"},{\"@type\":\"ListItem\",\"position\":2,\"name\":\"Tienda\",\"item\":\"https:\\\/\\\/zeusmarketplace.net\\\/tienda\\\/\"},{\"@type\":\"ListItem\",\"position\":3,\"name\":\"FLYERS Y TARJETAS PERSONALIZADAS\"}]},{\"@type\":\"WebSite\",\"@id\":\"https:\\\/\\\/zeusmarketplace.net\\\/#website\",\"url\":\"https:\\\/\\\/zeusmarketplace.net\\\/\",\"name\":\"Zeus Market Place\",\"description\":\"Ventas y Compras Seguras Online\",\"publisher\":{\"@id\":\"https:\\\/\\\/zeusmarketplace.net\\\/#organization\"},\"potentialAction\":[{\"@type\":\"SearchAction\",\"target\":{\"@type\":\"EntryPoint\",\"urlTemplate\":\"https:\\\/\\\/zeusmarketplace.net\\\/?s={search_term_string}\"},\"query-input\":{\"@type\":\"PropertyValueSpecification\",\"valueRequired\":true,\"valueName\":\"search_term_string\"}}],\"inLanguage\":\"es\"},{\"@type\":\"Organization\",\"@id\":\"https:\\\/\\\/zeusmarketplace.net\\\/#organization\",\"name\":\"Zeus Market Place\",\"url\":\"https:\\\/\\\/zeusmarketplace.net\\\/\",\"logo\":{\"@type\":\"ImageObject\",\"inLanguage\":\"es\",\"@id\":\"https:\\\/\\\/zeusmarketplace.net\\\/#\\\/schema\\\/logo\\\/image\\\/\",\"url\":\"https:\\\/\\\/zeusmarketplace.net\\\/wp-content\\\/uploads\\\/2024\\\/01\\\/cropped-Logo-social-zm2-1.png\",\"contentUrl\":\"https:\\\/\\\/zeusmarketplace.net\\\/wp-content\\\/uploads\\\/2024\\\/01\\\/cropped-Logo-social-zm2-1.png\",\"width\":512,\"height\":512,\"caption\":\"Zeus Market Place\"},\"image\":{\"@id\":\"https:\\\/\\\/zeusmarketplace.net\\\/#\\\/schema\\\/logo\\\/image\\\/\"}}]}<\/script>\n<!-- \/ Yoast SEO plugin. -->","yoast_head_json":{"title":"FLYERS Y TARJETAS PERSONALIZADAS - Zeus Market Place","robots":{"index":"index","follow":"follow","max-snippet":"max-snippet:-1","max-image-preview":"max-image-preview:large","max-video-preview":"max-video-preview:-1"},"canonical":"https:\/\/zeusmarketplace.net\/es_mx\/product\/flyers-y-tarjetas-personalizadas\/","og_locale":"es_MX","og_type":"article","og_title":"FLYERS Y TARJETAS PERSONALIZADAS - Zeus Market Place","og_description":"\ud83d\udcb3 \u00a1Dale identidad a tu marca con Tarjetas de Presentaci\u00f3n y Flyers que destacan desde el primer vistazo! Transmite profesionalismo y estilo con impresiones full color y dise\u00f1os personalizados que hablan por ti. \ud83c\udfa8 Flyers publicitarios ideales para promociones, eventos y lanzamientos. \ud83d\udcbc Tarjetas de presentaci\u00f3n que reflejan tu esencia y dejan huella. \u26a1 \u00a1Entrega express en solo 90 minutos! \u2728 Elige entre nuestros acabados premium: \u2714 Brillante \u2714 Mate \u2714 UV selectivo (efecto relieve y brillo localizado) \u2714 Imantadas, ideales para mantener tu marca siempre visible \u2705 Impresi\u00f3n n\u00edtida, papel de alta calidad y atenci\u00f3n personalizada. \ud83d\udd25 Promoci\u00f3n especial: \u00a1obten un 10% de descuento en tu primer pedido express! \ud83d\udce9 Escribinos hoy y lleva tu imagen al siguiente nivel\u2026 en 90 MINUTOS.","og_url":"https:\/\/zeusmarketplace.net\/es_mx\/product\/flyers-y-tarjetas-personalizadas\/","og_site_name":"Zeus Market Place","article_modified_time":"2026-01-15T20:52:33+00:00","og_image":[{"width":600,"height":600,"url":"https:\/\/zeusmarketplace.net\/wp-content\/uploads\/2026\/01\/cropped-POST-IDENTIDAD-PUBLICITARIA-03.png","type":"image\/png"}],"twitter_card":"summary_large_image","schema":{"@context":"https:\/\/schema.org","@graph":[{"@type":"WebPage","@id":"https:\/\/zeusmarketplace.net\/product\/flyers-y-tarjetas-personalizadas\/","url":"https:\/\/zeusmarketplace.net\/product\/flyers-y-tarjetas-personalizadas\/","name":"FLYERS Y TARJETAS PERSONALIZADAS - Zeus Market Place","isPartOf":{"@id":"https:\/\/zeusmarketplace.net\/#website"},"primaryImageOfPage":{"@id":"https:\/\/zeusmarketplace.net\/product\/flyers-y-tarjetas-personalizadas\/#primaryimage"},"image":{"@id":"https:\/\/zeusmarketplace.net\/product\/flyers-y-tarjetas-personalizadas\/#primaryimage"},"thumbnailUrl":"https:\/\/zeusmarketplace.net\/wp-content\/uploads\/2026\/01\/cropped-POST-IDENTIDAD-PUBLICITARIA-03.png","datePublished":"2026-01-15T20:51:51+00:00","dateModified":"2026-01-15T20:52:33+00:00","breadcrumb":{"@id":"https:\/\/zeusmarketplace.net\/product\/flyers-y-tarjetas-personalizadas\/#breadcrumb"},"inLanguage":"es","potentialAction":[{"@type":"ReadAction","target":["https:\/\/zeusmarketplace.net\/product\/flyers-y-tarjetas-personalizadas\/"]}]},{"@type":"ImageObject","inLanguage":"es","@id":"https:\/\/zeusmarketplace.net\/product\/flyers-y-tarjetas-personalizadas\/#primaryimage","url":"https:\/\/zeusmarketplace.net\/wp-content\/uploads\/2026\/01\/cropped-POST-IDENTIDAD-PUBLICITARIA-03.png","contentUrl":"https:\/\/zeusmarketplace.net\/wp-content\/uploads\/2026\/01\/cropped-POST-IDENTIDAD-PUBLICITARIA-03.png","width":600,"height":600},{"@type":"BreadcrumbList","@id":"https:\/\/zeusmarketplace.net\/product\/flyers-y-tarjetas-personalizadas\/#breadcrumb","itemListElement":[{"@type":"ListItem","position":1,"name":"Portada","item":"https:\/\/zeusmarketplace.net\/"},{"@type":"ListItem","position":2,"name":"Tienda","item":"https:\/\/zeusmarketplace.net\/tienda\/"},{"@type":"ListItem","position":3,"name":"FLYERS Y TARJETAS PERSONALIZADAS"}]},{"@type":"WebSite","@id":"https:\/\/zeusmarketplace.net\/#website","url":"https:\/\/zeusmarketplace.net\/","name":"Zeus Market Place","description":"Ventas y Compras Seguras Online","publisher":{"@id":"https:\/\/zeusmarketplace.net\/#organization"},"potentialAction":[{"@type":"SearchAction","target":{"@type":"EntryPoint","urlTemplate":"https:\/\/zeusmarketplace.net\/?s={search_term_string}"},"query-input":{"@type":"PropertyValueSpecification","valueRequired":true,"valueName":"search_term_string"}}],"inLanguage":"es"},{"@type":"Organization","@id":"https:\/\/zeusmarketplace.net\/#organization","name":"Zeus Market Place","url":"https:\/\/zeusmarketplace.net\/","logo":{"@type":"ImageObject","inLanguage":"es","@id":"https:\/\/zeusmarketplace.net\/#\/schema\/logo\/image\/","url":"https:\/\/zeusmarketplace.net\/wp-content\/uploads\/2024\/01\/cropped-Logo-social-zm2-1.png","contentUrl":"https:\/\/zeusmarketplace.net\/wp-content\/uploads\/2024\/01\/cropped-Logo-social-zm2-1.png","width":512,"height":512,"caption":"Zeus Market Place"},"image":{"@id":"https:\/\/zeusmarketplace.net\/#\/schema\/logo\/image\/"}}]}},"_links":{"self":[{"href":"https:\/\/zeusmarketplace.net\/es_mx\/wp-json\/wp\/v2\/product\/2474","targetHints":{"allow":["GET"]}}],"collection":[{"href":"https:\/\/zeusmarketplace.net\/es_mx\/wp-json\/wp\/v2\/product"}],"about":[{"href":"https:\/\/zeusmarketplace.net\/es_mx\/wp-json\/wp\/v2\/types\/product"}],"replies":[{"embeddable":true,"href":"https:\/\/zeusmarketplace.net\/es_mx\/wp-json\/wp\/v2\/comments?post=2474"}],"version-history":[{"count":1,"href":"https:\/\/zeusmarketplace.net\/es_mx\/wp-json\/wp\/v2\/product\/2474\/revisions"}],"predecessor-version":[{"id":2475,"href":"https:\/\/zeusmarketplace.net\/es_mx\/wp-json\/wp\/v2\/product\/2474\/revisions\/2475"}],"wp:featuredmedia":[{"embeddable":true,"href":"https:\/\/zeusmarketplace.net\/es_mx\/wp-json\/wp\/v2\/media\/2473"}],"wp:attachment":[{"href":"https:\/\/zeusmarketplace.net\/es_mx\/wp-json\/wp\/v2\/media?parent=2474"}],"wp:term":[{"taxonomy":"product_brand","embeddable":true,"href":"https:\/\/zeusmarketplace.net\/es_mx\/wp-json\/wp\/v2\/product_brand?post=2474"},{"taxonomy":"product_cat","embeddable":true,"href":"https:\/\/zeusmarketplace.net\/es_mx\/wp-json\/wp\/v2\/product_cat?post=2474"},{"taxonomy":"product_tag","embeddable":true,"href":"https:\/\/zeusmarketplace.net\/es_mx\/wp-json\/wp\/v2\/product_tag?post=2474"}],"curies":[{"name":"wp","href":"https:\/\/api.w.org\/{rel}","templated":true}]}}