{"id":2478,"date":"2026-01-15T15:54:00","date_gmt":"2026-01-15T20:54:00","guid":{"rendered":"https:\/\/zeusmarketplace.net\/product\/sellos-automaticos-2\/"},"modified":"2026-01-15T15:55:53","modified_gmt":"2026-01-15T20:55:53","slug":"sellos-automaticos-2","status":"publish","type":"product","link":"https:\/\/zeusmarketplace.net\/es_mx\/product\/sellos-automaticos-2\/","title":{"rendered":"SELLOS AUTOMATICOS"},"content":{"rendered":"","protected":false},"excerpt":{"rendered":"<p><span class=\"x193iq5w xeuugli x13faqbe x1vvkbs x1xmvt09 x1lliihq x1s928wv xhkezso x1gmr53x x1cpjm7i x1fgarty x1943h6x xudqn12 x3x7a5m x6prxxf xvq8zen xo1l8bm xzsf02u\" dir=\"auto\">\ud83d\udd8b\ufe0f Tu marca, tu firma, tu sello. Agiliz\u00e1 tus procesos con nuestros Sellos Autom\u00e1ticos Personalizados, ideales para oficinas, profesionales, comercios y tr\u00e1mites diarios. \u2714\ufe0f R\u00e1pidos, limpios y duraderos, para un uso diario sin complicaciones. \ud83c\udfa8 Personaliz\u00e1 con tu logo, datos o texto y dale identidad a cada documento. \u26a1 Entrega r\u00e1pida y calidad garantizada en cada impresi\u00f3n. \ud83d\udcbc Muestra profesionalismo en cada detalle. \ud83d\udd25 Promoci\u00f3n especial: \u00a1obten\u00e9 un 10% de descuento en tu primer sello personalizado! \ud83d\udce9 Escribinos hoy y estamp\u00e1 tu marca con estilo y eficiencia.<\/span><\/p>","protected":false},"featured_media":2477,"comment_status":"open","ping_status":"closed","template":"","meta":[],"product_brand":[],"product_cat":[15,181],"product_tag":[],"class_list":{"0":"post-2478","1":"product","2":"type-product","3":"status-publish","4":"has-post-thumbnail","6":"product_cat-otros","7":"product_cat-publcidad","9":"first","10":"instock","11":"taxable","12":"shipping-taxable","13":"product-type-simple"},"yoast_head":"<!-- This site is optimized with the Yoast SEO plugin v27.5 - https:\/\/yoast.com\/product\/yoast-seo-wordpress\/ -->\n<title>SELLOS AUTOMATICOS - Zeus Market Place<\/title>\n<meta name=\"robots\" content=\"index, follow, max-snippet:-1, max-image-preview:large, max-video-preview:-1\" \/>\n<link rel=\"canonical\" href=\"https:\/\/zeusmarketplace.net\/es_mx\/product\/sellos-automaticos-2\/\" \/>\n<meta property=\"og:locale\" content=\"es_MX\" \/>\n<meta property=\"og:type\" content=\"article\" \/>\n<meta property=\"og:title\" content=\"SELLOS AUTOMATICOS - Zeus Market Place\" \/>\n<meta property=\"og:description\" content=\"\ud83d\udd8b\ufe0f Tu marca, tu firma, tu sello. Agiliz\u00e1 tus procesos con nuestros Sellos Autom\u00e1ticos Personalizados, ideales para oficinas, profesionales, comercios y tr\u00e1mites diarios. \u2714\ufe0f R\u00e1pidos, limpios y duraderos, para un uso diario sin complicaciones. \ud83c\udfa8 Personaliz\u00e1 con tu logo, datos o texto y dale identidad a cada documento. \u26a1 Entrega r\u00e1pida y calidad garantizada en cada impresi\u00f3n. \ud83d\udcbc Muestra profesionalismo en cada detalle. \ud83d\udd25 Promoci\u00f3n especial: \u00a1obten\u00e9 un 10% de descuento en tu primer sello personalizado! \ud83d\udce9 Escribinos hoy y estamp\u00e1 tu marca con estilo y eficiencia.\" \/>\n<meta property=\"og:url\" content=\"https:\/\/zeusmarketplace.net\/es_mx\/product\/sellos-automaticos-2\/\" \/>\n<meta property=\"og:site_name\" content=\"Zeus Market Place\" \/>\n<meta property=\"article:modified_time\" content=\"2026-01-15T20:55:53+00:00\" \/>\n<meta property=\"og:image\" content=\"https:\/\/zeusmarketplace.net\/wp-content\/uploads\/2026\/01\/cropped-POST-IDENTIDAD-PUBLICITARIA-07.png\" \/>\n\t<meta property=\"og:image:width\" content=\"600\" \/>\n\t<meta property=\"og:image:height\" content=\"600\" \/>\n\t<meta property=\"og:image:type\" content=\"image\/png\" \/>\n<meta name=\"twitter:card\" content=\"summary_large_image\" \/>\n<script type=\"application\/ld+json\" class=\"yoast-schema-graph\">{\"@context\":\"https:\\\/\\\/schema.org\",\"@graph\":[{\"@type\":\"WebPage\",\"@id\":\"https:\\\/\\\/zeusmarketplace.net\\\/product\\\/sellos-automaticos-2\\\/\",\"url\":\"https:\\\/\\\/zeusmarketplace.net\\\/product\\\/sellos-automaticos-2\\\/\",\"name\":\"SELLOS AUTOMATICOS - Zeus Market Place\",\"isPartOf\":{\"@id\":\"https:\\\/\\\/zeusmarketplace.net\\\/#website\"},\"primaryImageOfPage\":{\"@id\":\"https:\\\/\\\/zeusmarketplace.net\\\/product\\\/sellos-automaticos-2\\\/#primaryimage\"},\"image\":{\"@id\":\"https:\\\/\\\/zeusmarketplace.net\\\/product\\\/sellos-automaticos-2\\\/#primaryimage\"},\"thumbnailUrl\":\"https:\\\/\\\/zeusmarketplace.net\\\/wp-content\\\/uploads\\\/2026\\\/01\\\/cropped-POST-IDENTIDAD-PUBLICITARIA-07.png\",\"datePublished\":\"2026-01-15T20:54:00+00:00\",\"dateModified\":\"2026-01-15T20:55:53+00:00\",\"breadcrumb\":{\"@id\":\"https:\\\/\\\/zeusmarketplace.net\\\/product\\\/sellos-automaticos-2\\\/#breadcrumb\"},\"inLanguage\":\"es\",\"potentialAction\":[{\"@type\":\"ReadAction\",\"target\":[\"https:\\\/\\\/zeusmarketplace.net\\\/product\\\/sellos-automaticos-2\\\/\"]}]},{\"@type\":\"ImageObject\",\"inLanguage\":\"es\",\"@id\":\"https:\\\/\\\/zeusmarketplace.net\\\/product\\\/sellos-automaticos-2\\\/#primaryimage\",\"url\":\"https:\\\/\\\/zeusmarketplace.net\\\/wp-content\\\/uploads\\\/2026\\\/01\\\/cropped-POST-IDENTIDAD-PUBLICITARIA-07.png\",\"contentUrl\":\"https:\\\/\\\/zeusmarketplace.net\\\/wp-content\\\/uploads\\\/2026\\\/01\\\/cropped-POST-IDENTIDAD-PUBLICITARIA-07.png\",\"width\":600,\"height\":600},{\"@type\":\"BreadcrumbList\",\"@id\":\"https:\\\/\\\/zeusmarketplace.net\\\/product\\\/sellos-automaticos-2\\\/#breadcrumb\",\"itemListElement\":[{\"@type\":\"ListItem\",\"position\":1,\"name\":\"Portada\",\"item\":\"https:\\\/\\\/zeusmarketplace.net\\\/\"},{\"@type\":\"ListItem\",\"position\":2,\"name\":\"Tienda\",\"item\":\"https:\\\/\\\/zeusmarketplace.net\\\/tienda\\\/\"},{\"@type\":\"ListItem\",\"position\":3,\"name\":\"SELLOS AUTOMATICOS\"}]},{\"@type\":\"WebSite\",\"@id\":\"https:\\\/\\\/zeusmarketplace.net\\\/#website\",\"url\":\"https:\\\/\\\/zeusmarketplace.net\\\/\",\"name\":\"Zeus Market Place\",\"description\":\"Ventas y Compras Seguras Online\",\"publisher\":{\"@id\":\"https:\\\/\\\/zeusmarketplace.net\\\/#organization\"},\"potentialAction\":[{\"@type\":\"SearchAction\",\"target\":{\"@type\":\"EntryPoint\",\"urlTemplate\":\"https:\\\/\\\/zeusmarketplace.net\\\/?s={search_term_string}\"},\"query-input\":{\"@type\":\"PropertyValueSpecification\",\"valueRequired\":true,\"valueName\":\"search_term_string\"}}],\"inLanguage\":\"es\"},{\"@type\":\"Organization\",\"@id\":\"https:\\\/\\\/zeusmarketplace.net\\\/#organization\",\"name\":\"Zeus Market Place\",\"url\":\"https:\\\/\\\/zeusmarketplace.net\\\/\",\"logo\":{\"@type\":\"ImageObject\",\"inLanguage\":\"es\",\"@id\":\"https:\\\/\\\/zeusmarketplace.net\\\/#\\\/schema\\\/logo\\\/image\\\/\",\"url\":\"https:\\\/\\\/zeusmarketplace.net\\\/wp-content\\\/uploads\\\/2024\\\/01\\\/cropped-Logo-social-zm2-1.png\",\"contentUrl\":\"https:\\\/\\\/zeusmarketplace.net\\\/wp-content\\\/uploads\\\/2024\\\/01\\\/cropped-Logo-social-zm2-1.png\",\"width\":512,\"height\":512,\"caption\":\"Zeus Market Place\"},\"image\":{\"@id\":\"https:\\\/\\\/zeusmarketplace.net\\\/#\\\/schema\\\/logo\\\/image\\\/\"}}]}<\/script>\n<!-- \/ Yoast SEO plugin. -->","yoast_head_json":{"title":"SELLOS AUTOMATICOS - Zeus Market Place","robots":{"index":"index","follow":"follow","max-snippet":"max-snippet:-1","max-image-preview":"max-image-preview:large","max-video-preview":"max-video-preview:-1"},"canonical":"https:\/\/zeusmarketplace.net\/es_mx\/product\/sellos-automaticos-2\/","og_locale":"es_MX","og_type":"article","og_title":"SELLOS AUTOMATICOS - Zeus Market Place","og_description":"\ud83d\udd8b\ufe0f Tu marca, tu firma, tu sello. Agiliz\u00e1 tus procesos con nuestros Sellos Autom\u00e1ticos Personalizados, ideales para oficinas, profesionales, comercios y tr\u00e1mites diarios. \u2714\ufe0f R\u00e1pidos, limpios y duraderos, para un uso diario sin complicaciones. \ud83c\udfa8 Personaliz\u00e1 con tu logo, datos o texto y dale identidad a cada documento. \u26a1 Entrega r\u00e1pida y calidad garantizada en cada impresi\u00f3n. \ud83d\udcbc Muestra profesionalismo en cada detalle. \ud83d\udd25 Promoci\u00f3n especial: \u00a1obten\u00e9 un 10% de descuento en tu primer sello personalizado! \ud83d\udce9 Escribinos hoy y estamp\u00e1 tu marca con estilo y eficiencia.","og_url":"https:\/\/zeusmarketplace.net\/es_mx\/product\/sellos-automaticos-2\/","og_site_name":"Zeus Market Place","article_modified_time":"2026-01-15T20:55:53+00:00","og_image":[{"width":600,"height":600,"url":"https:\/\/zeusmarketplace.net\/wp-content\/uploads\/2026\/01\/cropped-POST-IDENTIDAD-PUBLICITARIA-07.png","type":"image\/png"}],"twitter_card":"summary_large_image","schema":{"@context":"https:\/\/schema.org","@graph":[{"@type":"WebPage","@id":"https:\/\/zeusmarketplace.net\/product\/sellos-automaticos-2\/","url":"https:\/\/zeusmarketplace.net\/product\/sellos-automaticos-2\/","name":"SELLOS AUTOMATICOS - Zeus Market Place","isPartOf":{"@id":"https:\/\/zeusmarketplace.net\/#website"},"primaryImageOfPage":{"@id":"https:\/\/zeusmarketplace.net\/product\/sellos-automaticos-2\/#primaryimage"},"image":{"@id":"https:\/\/zeusmarketplace.net\/product\/sellos-automaticos-2\/#primaryimage"},"thumbnailUrl":"https:\/\/zeusmarketplace.net\/wp-content\/uploads\/2026\/01\/cropped-POST-IDENTIDAD-PUBLICITARIA-07.png","datePublished":"2026-01-15T20:54:00+00:00","dateModified":"2026-01-15T20:55:53+00:00","breadcrumb":{"@id":"https:\/\/zeusmarketplace.net\/product\/sellos-automaticos-2\/#breadcrumb"},"inLanguage":"es","potentialAction":[{"@type":"ReadAction","target":["https:\/\/zeusmarketplace.net\/product\/sellos-automaticos-2\/"]}]},{"@type":"ImageObject","inLanguage":"es","@id":"https:\/\/zeusmarketplace.net\/product\/sellos-automaticos-2\/#primaryimage","url":"https:\/\/zeusmarketplace.net\/wp-content\/uploads\/2026\/01\/cropped-POST-IDENTIDAD-PUBLICITARIA-07.png","contentUrl":"https:\/\/zeusmarketplace.net\/wp-content\/uploads\/2026\/01\/cropped-POST-IDENTIDAD-PUBLICITARIA-07.png","width":600,"height":600},{"@type":"BreadcrumbList","@id":"https:\/\/zeusmarketplace.net\/product\/sellos-automaticos-2\/#breadcrumb","itemListElement":[{"@type":"ListItem","position":1,"name":"Portada","item":"https:\/\/zeusmarketplace.net\/"},{"@type":"ListItem","position":2,"name":"Tienda","item":"https:\/\/zeusmarketplace.net\/tienda\/"},{"@type":"ListItem","position":3,"name":"SELLOS AUTOMATICOS"}]},{"@type":"WebSite","@id":"https:\/\/zeusmarketplace.net\/#website","url":"https:\/\/zeusmarketplace.net\/","name":"Zeus Market Place","description":"Ventas y Compras Seguras Online","publisher":{"@id":"https:\/\/zeusmarketplace.net\/#organization"},"potentialAction":[{"@type":"SearchAction","target":{"@type":"EntryPoint","urlTemplate":"https:\/\/zeusmarketplace.net\/?s={search_term_string}"},"query-input":{"@type":"PropertyValueSpecification","valueRequired":true,"valueName":"search_term_string"}}],"inLanguage":"es"},{"@type":"Organization","@id":"https:\/\/zeusmarketplace.net\/#organization","name":"Zeus Market Place","url":"https:\/\/zeusmarketplace.net\/","logo":{"@type":"ImageObject","inLanguage":"es","@id":"https:\/\/zeusmarketplace.net\/#\/schema\/logo\/image\/","url":"https:\/\/zeusmarketplace.net\/wp-content\/uploads\/2024\/01\/cropped-Logo-social-zm2-1.png","contentUrl":"https:\/\/zeusmarketplace.net\/wp-content\/uploads\/2024\/01\/cropped-Logo-social-zm2-1.png","width":512,"height":512,"caption":"Zeus Market Place"},"image":{"@id":"https:\/\/zeusmarketplace.net\/#\/schema\/logo\/image\/"}}]}},"_links":{"self":[{"href":"https:\/\/zeusmarketplace.net\/es_mx\/wp-json\/wp\/v2\/product\/2478","targetHints":{"allow":["GET"]}}],"collection":[{"href":"https:\/\/zeusmarketplace.net\/es_mx\/wp-json\/wp\/v2\/product"}],"about":[{"href":"https:\/\/zeusmarketplace.net\/es_mx\/wp-json\/wp\/v2\/types\/product"}],"replies":[{"embeddable":true,"href":"https:\/\/zeusmarketplace.net\/es_mx\/wp-json\/wp\/v2\/comments?post=2478"}],"version-history":[{"count":1,"href":"https:\/\/zeusmarketplace.net\/es_mx\/wp-json\/wp\/v2\/product\/2478\/revisions"}],"predecessor-version":[{"id":2479,"href":"https:\/\/zeusmarketplace.net\/es_mx\/wp-json\/wp\/v2\/product\/2478\/revisions\/2479"}],"wp:featuredmedia":[{"embeddable":true,"href":"https:\/\/zeusmarketplace.net\/es_mx\/wp-json\/wp\/v2\/media\/2477"}],"wp:attachment":[{"href":"https:\/\/zeusmarketplace.net\/es_mx\/wp-json\/wp\/v2\/media?parent=2478"}],"wp:term":[{"taxonomy":"product_brand","embeddable":true,"href":"https:\/\/zeusmarketplace.net\/es_mx\/wp-json\/wp\/v2\/product_brand?post=2478"},{"taxonomy":"product_cat","embeddable":true,"href":"https:\/\/zeusmarketplace.net\/es_mx\/wp-json\/wp\/v2\/product_cat?post=2478"},{"taxonomy":"product_tag","embeddable":true,"href":"https:\/\/zeusmarketplace.net\/es_mx\/wp-json\/wp\/v2\/product_tag?post=2478"}],"curies":[{"name":"wp","href":"https:\/\/api.w.org\/{rel}","templated":true}]}}