{"id":2482,"date":"2026-01-15T15:57:55","date_gmt":"2026-01-15T20:57:55","guid":{"rendered":"https:\/\/zeusmarketplace.net\/product\/stickers-y-uv-dtf\/"},"modified":"2026-01-15T15:58:39","modified_gmt":"2026-01-15T20:58:39","slug":"stickers-y-uv-dtf","status":"publish","type":"product","link":"https:\/\/zeusmarketplace.net\/es_mx\/product\/stickers-y-uv-dtf\/","title":{"rendered":"STICKERS Y UV DTF"},"content":{"rendered":"","protected":false},"excerpt":{"rendered":"<p><span class=\"x193iq5w xeuugli x13faqbe x1vvkbs x1xmvt09 x1lliihq x1s928wv xhkezso x1gmr53x x1cpjm7i x1fgarty x1943h6x xudqn12 x3x7a5m x6prxxf xvq8zen xo1l8bm xzsf02u\" dir=\"auto\">\u2728 \u00a1P\u00e9gate a tu marca y haz que destaque en cada detalle! Personaliz\u00e1 tus productos con nuestros Stickers y DTF UV de alta calidad, ideales para packaging, promoci\u00f3n, decoraci\u00f3n y mucho m\u00e1s. \ud83c\udfa8 Impresi\u00f3n full color y corte personalizado para adaptarse a tu dise\u00f1o. \ud83c\udf1f Acabados brillantes, resistentes y duraderos. \ud83d\udc8e DTF UV con relieve, textura y efecto premium. \u26a1 Adem\u00e1s, opciones hologr\u00e1ficas y metalizadas que le dan un toque \u00fanico a tu marca. \ud83d\udd25 Promoci\u00f3n especial: \u00a1obten\u00e9 un 10% de descuento en tu primer pedido! \ud83d\udce9 Escribenos hoy y haz que tu marca se vea tan incre\u00edble como merece.<\/span><\/p>","protected":false},"featured_media":2481,"comment_status":"open","ping_status":"closed","template":"","meta":[],"product_brand":[],"product_cat":[181],"product_tag":[],"class_list":{"0":"post-2482","1":"product","2":"type-product","3":"status-publish","4":"has-post-thumbnail","6":"product_cat-publcidad","8":"first","9":"instock","10":"taxable","11":"shipping-taxable","12":"product-type-simple"},"yoast_head":"<!-- This site is optimized with the Yoast SEO plugin v27.5 - https:\/\/yoast.com\/product\/yoast-seo-wordpress\/ -->\n<title>STICKERS Y UV DTF - Zeus Market Place<\/title>\n<meta name=\"robots\" content=\"index, follow, max-snippet:-1, max-image-preview:large, max-video-preview:-1\" \/>\n<link rel=\"canonical\" href=\"https:\/\/zeusmarketplace.net\/es_mx\/product\/stickers-y-uv-dtf\/\" \/>\n<meta property=\"og:locale\" content=\"es_MX\" \/>\n<meta property=\"og:type\" content=\"article\" \/>\n<meta property=\"og:title\" content=\"STICKERS Y UV DTF - Zeus Market Place\" \/>\n<meta property=\"og:description\" content=\"\u2728 \u00a1P\u00e9gate a tu marca y haz que destaque en cada detalle! Personaliz\u00e1 tus productos con nuestros Stickers y DTF UV de alta calidad, ideales para packaging, promoci\u00f3n, decoraci\u00f3n y mucho m\u00e1s. \ud83c\udfa8 Impresi\u00f3n full color y corte personalizado para adaptarse a tu dise\u00f1o. \ud83c\udf1f Acabados brillantes, resistentes y duraderos. \ud83d\udc8e DTF UV con relieve, textura y efecto premium. \u26a1 Adem\u00e1s, opciones hologr\u00e1ficas y metalizadas que le dan un toque \u00fanico a tu marca. \ud83d\udd25 Promoci\u00f3n especial: \u00a1obten\u00e9 un 10% de descuento en tu primer pedido! \ud83d\udce9 Escribenos hoy y haz que tu marca se vea tan incre\u00edble como merece.\" \/>\n<meta property=\"og:url\" content=\"https:\/\/zeusmarketplace.net\/es_mx\/product\/stickers-y-uv-dtf\/\" \/>\n<meta property=\"og:site_name\" content=\"Zeus Market Place\" \/>\n<meta property=\"article:modified_time\" content=\"2026-01-15T20:58:39+00:00\" \/>\n<meta property=\"og:image\" content=\"https:\/\/zeusmarketplace.net\/wp-content\/uploads\/2026\/01\/cropped-POST-IDENTIDAD-PUBLICITARIA-06-1.png\" \/>\n\t<meta property=\"og:image:width\" content=\"600\" \/>\n\t<meta property=\"og:image:height\" content=\"600\" \/>\n\t<meta property=\"og:image:type\" content=\"image\/png\" \/>\n<meta name=\"twitter:card\" content=\"summary_large_image\" \/>\n<script type=\"application\/ld+json\" class=\"yoast-schema-graph\">{\"@context\":\"https:\\\/\\\/schema.org\",\"@graph\":[{\"@type\":\"WebPage\",\"@id\":\"https:\\\/\\\/zeusmarketplace.net\\\/product\\\/stickers-y-uv-dtf\\\/\",\"url\":\"https:\\\/\\\/zeusmarketplace.net\\\/product\\\/stickers-y-uv-dtf\\\/\",\"name\":\"STICKERS Y UV DTF - Zeus Market Place\",\"isPartOf\":{\"@id\":\"https:\\\/\\\/zeusmarketplace.net\\\/#website\"},\"primaryImageOfPage\":{\"@id\":\"https:\\\/\\\/zeusmarketplace.net\\\/product\\\/stickers-y-uv-dtf\\\/#primaryimage\"},\"image\":{\"@id\":\"https:\\\/\\\/zeusmarketplace.net\\\/product\\\/stickers-y-uv-dtf\\\/#primaryimage\"},\"thumbnailUrl\":\"https:\\\/\\\/zeusmarketplace.net\\\/wp-content\\\/uploads\\\/2026\\\/01\\\/cropped-POST-IDENTIDAD-PUBLICITARIA-06-1.png\",\"datePublished\":\"2026-01-15T20:57:55+00:00\",\"dateModified\":\"2026-01-15T20:58:39+00:00\",\"breadcrumb\":{\"@id\":\"https:\\\/\\\/zeusmarketplace.net\\\/product\\\/stickers-y-uv-dtf\\\/#breadcrumb\"},\"inLanguage\":\"es\",\"potentialAction\":[{\"@type\":\"ReadAction\",\"target\":[\"https:\\\/\\\/zeusmarketplace.net\\\/product\\\/stickers-y-uv-dtf\\\/\"]}]},{\"@type\":\"ImageObject\",\"inLanguage\":\"es\",\"@id\":\"https:\\\/\\\/zeusmarketplace.net\\\/product\\\/stickers-y-uv-dtf\\\/#primaryimage\",\"url\":\"https:\\\/\\\/zeusmarketplace.net\\\/wp-content\\\/uploads\\\/2026\\\/01\\\/cropped-POST-IDENTIDAD-PUBLICITARIA-06-1.png\",\"contentUrl\":\"https:\\\/\\\/zeusmarketplace.net\\\/wp-content\\\/uploads\\\/2026\\\/01\\\/cropped-POST-IDENTIDAD-PUBLICITARIA-06-1.png\",\"width\":600,\"height\":600},{\"@type\":\"BreadcrumbList\",\"@id\":\"https:\\\/\\\/zeusmarketplace.net\\\/product\\\/stickers-y-uv-dtf\\\/#breadcrumb\",\"itemListElement\":[{\"@type\":\"ListItem\",\"position\":1,\"name\":\"Portada\",\"item\":\"https:\\\/\\\/zeusmarketplace.net\\\/\"},{\"@type\":\"ListItem\",\"position\":2,\"name\":\"Tienda\",\"item\":\"https:\\\/\\\/zeusmarketplace.net\\\/tienda\\\/\"},{\"@type\":\"ListItem\",\"position\":3,\"name\":\"STICKERS Y UV DTF\"}]},{\"@type\":\"WebSite\",\"@id\":\"https:\\\/\\\/zeusmarketplace.net\\\/#website\",\"url\":\"https:\\\/\\\/zeusmarketplace.net\\\/\",\"name\":\"Zeus Market Place\",\"description\":\"Ventas y Compras Seguras Online\",\"publisher\":{\"@id\":\"https:\\\/\\\/zeusmarketplace.net\\\/#organization\"},\"potentialAction\":[{\"@type\":\"SearchAction\",\"target\":{\"@type\":\"EntryPoint\",\"urlTemplate\":\"https:\\\/\\\/zeusmarketplace.net\\\/?s={search_term_string}\"},\"query-input\":{\"@type\":\"PropertyValueSpecification\",\"valueRequired\":true,\"valueName\":\"search_term_string\"}}],\"inLanguage\":\"es\"},{\"@type\":\"Organization\",\"@id\":\"https:\\\/\\\/zeusmarketplace.net\\\/#organization\",\"name\":\"Zeus Market Place\",\"url\":\"https:\\\/\\\/zeusmarketplace.net\\\/\",\"logo\":{\"@type\":\"ImageObject\",\"inLanguage\":\"es\",\"@id\":\"https:\\\/\\\/zeusmarketplace.net\\\/#\\\/schema\\\/logo\\\/image\\\/\",\"url\":\"https:\\\/\\\/zeusmarketplace.net\\\/wp-content\\\/uploads\\\/2024\\\/01\\\/cropped-Logo-social-zm2-1.png\",\"contentUrl\":\"https:\\\/\\\/zeusmarketplace.net\\\/wp-content\\\/uploads\\\/2024\\\/01\\\/cropped-Logo-social-zm2-1.png\",\"width\":512,\"height\":512,\"caption\":\"Zeus Market Place\"},\"image\":{\"@id\":\"https:\\\/\\\/zeusmarketplace.net\\\/#\\\/schema\\\/logo\\\/image\\\/\"}}]}<\/script>\n<!-- \/ Yoast SEO plugin. -->","yoast_head_json":{"title":"STICKERS Y UV DTF - Zeus Market Place","robots":{"index":"index","follow":"follow","max-snippet":"max-snippet:-1","max-image-preview":"max-image-preview:large","max-video-preview":"max-video-preview:-1"},"canonical":"https:\/\/zeusmarketplace.net\/es_mx\/product\/stickers-y-uv-dtf\/","og_locale":"es_MX","og_type":"article","og_title":"STICKERS Y UV DTF - Zeus Market Place","og_description":"\u2728 \u00a1P\u00e9gate a tu marca y haz que destaque en cada detalle! Personaliz\u00e1 tus productos con nuestros Stickers y DTF UV de alta calidad, ideales para packaging, promoci\u00f3n, decoraci\u00f3n y mucho m\u00e1s. \ud83c\udfa8 Impresi\u00f3n full color y corte personalizado para adaptarse a tu dise\u00f1o. \ud83c\udf1f Acabados brillantes, resistentes y duraderos. \ud83d\udc8e DTF UV con relieve, textura y efecto premium. \u26a1 Adem\u00e1s, opciones hologr\u00e1ficas y metalizadas que le dan un toque \u00fanico a tu marca. \ud83d\udd25 Promoci\u00f3n especial: \u00a1obten\u00e9 un 10% de descuento en tu primer pedido! \ud83d\udce9 Escribenos hoy y haz que tu marca se vea tan incre\u00edble como merece.","og_url":"https:\/\/zeusmarketplace.net\/es_mx\/product\/stickers-y-uv-dtf\/","og_site_name":"Zeus Market Place","article_modified_time":"2026-01-15T20:58:39+00:00","og_image":[{"width":600,"height":600,"url":"https:\/\/zeusmarketplace.net\/wp-content\/uploads\/2026\/01\/cropped-POST-IDENTIDAD-PUBLICITARIA-06-1.png","type":"image\/png"}],"twitter_card":"summary_large_image","schema":{"@context":"https:\/\/schema.org","@graph":[{"@type":"WebPage","@id":"https:\/\/zeusmarketplace.net\/product\/stickers-y-uv-dtf\/","url":"https:\/\/zeusmarketplace.net\/product\/stickers-y-uv-dtf\/","name":"STICKERS Y UV DTF - Zeus Market Place","isPartOf":{"@id":"https:\/\/zeusmarketplace.net\/#website"},"primaryImageOfPage":{"@id":"https:\/\/zeusmarketplace.net\/product\/stickers-y-uv-dtf\/#primaryimage"},"image":{"@id":"https:\/\/zeusmarketplace.net\/product\/stickers-y-uv-dtf\/#primaryimage"},"thumbnailUrl":"https:\/\/zeusmarketplace.net\/wp-content\/uploads\/2026\/01\/cropped-POST-IDENTIDAD-PUBLICITARIA-06-1.png","datePublished":"2026-01-15T20:57:55+00:00","dateModified":"2026-01-15T20:58:39+00:00","breadcrumb":{"@id":"https:\/\/zeusmarketplace.net\/product\/stickers-y-uv-dtf\/#breadcrumb"},"inLanguage":"es","potentialAction":[{"@type":"ReadAction","target":["https:\/\/zeusmarketplace.net\/product\/stickers-y-uv-dtf\/"]}]},{"@type":"ImageObject","inLanguage":"es","@id":"https:\/\/zeusmarketplace.net\/product\/stickers-y-uv-dtf\/#primaryimage","url":"https:\/\/zeusmarketplace.net\/wp-content\/uploads\/2026\/01\/cropped-POST-IDENTIDAD-PUBLICITARIA-06-1.png","contentUrl":"https:\/\/zeusmarketplace.net\/wp-content\/uploads\/2026\/01\/cropped-POST-IDENTIDAD-PUBLICITARIA-06-1.png","width":600,"height":600},{"@type":"BreadcrumbList","@id":"https:\/\/zeusmarketplace.net\/product\/stickers-y-uv-dtf\/#breadcrumb","itemListElement":[{"@type":"ListItem","position":1,"name":"Portada","item":"https:\/\/zeusmarketplace.net\/"},{"@type":"ListItem","position":2,"name":"Tienda","item":"https:\/\/zeusmarketplace.net\/tienda\/"},{"@type":"ListItem","position":3,"name":"STICKERS Y UV DTF"}]},{"@type":"WebSite","@id":"https:\/\/zeusmarketplace.net\/#website","url":"https:\/\/zeusmarketplace.net\/","name":"Zeus Market Place","description":"Ventas y Compras Seguras Online","publisher":{"@id":"https:\/\/zeusmarketplace.net\/#organization"},"potentialAction":[{"@type":"SearchAction","target":{"@type":"EntryPoint","urlTemplate":"https:\/\/zeusmarketplace.net\/?s={search_term_string}"},"query-input":{"@type":"PropertyValueSpecification","valueRequired":true,"valueName":"search_term_string"}}],"inLanguage":"es"},{"@type":"Organization","@id":"https:\/\/zeusmarketplace.net\/#organization","name":"Zeus Market Place","url":"https:\/\/zeusmarketplace.net\/","logo":{"@type":"ImageObject","inLanguage":"es","@id":"https:\/\/zeusmarketplace.net\/#\/schema\/logo\/image\/","url":"https:\/\/zeusmarketplace.net\/wp-content\/uploads\/2024\/01\/cropped-Logo-social-zm2-1.png","contentUrl":"https:\/\/zeusmarketplace.net\/wp-content\/uploads\/2024\/01\/cropped-Logo-social-zm2-1.png","width":512,"height":512,"caption":"Zeus Market Place"},"image":{"@id":"https:\/\/zeusmarketplace.net\/#\/schema\/logo\/image\/"}}]}},"_links":{"self":[{"href":"https:\/\/zeusmarketplace.net\/es_mx\/wp-json\/wp\/v2\/product\/2482","targetHints":{"allow":["GET"]}}],"collection":[{"href":"https:\/\/zeusmarketplace.net\/es_mx\/wp-json\/wp\/v2\/product"}],"about":[{"href":"https:\/\/zeusmarketplace.net\/es_mx\/wp-json\/wp\/v2\/types\/product"}],"replies":[{"embeddable":true,"href":"https:\/\/zeusmarketplace.net\/es_mx\/wp-json\/wp\/v2\/comments?post=2482"}],"version-history":[{"count":1,"href":"https:\/\/zeusmarketplace.net\/es_mx\/wp-json\/wp\/v2\/product\/2482\/revisions"}],"predecessor-version":[{"id":2483,"href":"https:\/\/zeusmarketplace.net\/es_mx\/wp-json\/wp\/v2\/product\/2482\/revisions\/2483"}],"wp:featuredmedia":[{"embeddable":true,"href":"https:\/\/zeusmarketplace.net\/es_mx\/wp-json\/wp\/v2\/media\/2481"}],"wp:attachment":[{"href":"https:\/\/zeusmarketplace.net\/es_mx\/wp-json\/wp\/v2\/media?parent=2482"}],"wp:term":[{"taxonomy":"product_brand","embeddable":true,"href":"https:\/\/zeusmarketplace.net\/es_mx\/wp-json\/wp\/v2\/product_brand?post=2482"},{"taxonomy":"product_cat","embeddable":true,"href":"https:\/\/zeusmarketplace.net\/es_mx\/wp-json\/wp\/v2\/product_cat?post=2482"},{"taxonomy":"product_tag","embeddable":true,"href":"https:\/\/zeusmarketplace.net\/es_mx\/wp-json\/wp\/v2\/product_tag?post=2482"}],"curies":[{"name":"wp","href":"https:\/\/api.w.org\/{rel}","templated":true}]}}