{"id":2495,"date":"2026-01-15T16:19:19","date_gmt":"2026-01-15T21:19:19","guid":{"rendered":"https:\/\/zeusmarketplace.net\/product\/senaleticas\/"},"modified":"2026-01-15T16:20:49","modified_gmt":"2026-01-15T21:20:49","slug":"senaleticas","status":"publish","type":"product","link":"https:\/\/zeusmarketplace.net\/es_mx\/product\/senaleticas\/","title":{"rendered":"SE\u00d1ALETICAS"},"content":{"rendered":"","protected":false},"excerpt":{"rendered":"<p data-path-to-node=\"2\">\u26a0\ufe0f <b data-path-to-node=\"2\" data-index-in-node=\"3\">\u00a1Protege y organiza tus espacios con la mejor se\u00f1al\u00e9tica!<\/b> \ud83c\udfe2<\/p>\n<p data-path-to-node=\"3\">\ud83d\udccd <b data-path-to-node=\"3\" data-index-in-node=\"3\">Se\u00f1ales informativas y de seguridad<\/b> bajo las normativas vigentes.<\/p>\n<p data-path-to-node=\"4\">\ud83e\uddba <b data-path-to-node=\"4\" data-index-in-node=\"3\">Materiales de alta resistencia <\/b>acr\u00edlico o aluminio para interior y exterior.<\/p>\n<p data-path-to-node=\"5\">\ud83c\udf1f <b data-path-to-node=\"5\" data-index-in-node=\"3\">Acabados fotoluminiscentes<\/b> que brillan en la oscuridad para rutas de evacuaci\u00f3n.<\/p>\n<p data-path-to-node=\"6\">\ud83c\udfa8 <b data-path-to-node=\"6\" data-index-in-node=\"3\">Dise\u00f1o personalizado<\/b> con el logotipo de tu empresa para mantener tu identidad visual.<\/p>\n<p data-path-to-node=\"7\">\ud83d\udd27 <b data-path-to-node=\"7\" data-index-in-node=\"3\">F\u00e1cil instalaci\u00f3n<\/b> en cualquier superficie para que tu negocio est\u00e9 listo en minutos.<\/p>\n<p data-path-to-node=\"8\">\ud83d\udccf <b data-path-to-node=\"8\" data-index-in-node=\"3\">Amplia variedad de medidas<\/b> desde peque\u00f1os avisos hasta se\u00f1alizaci\u00f3n de gran formato.<\/p>\n<p data-path-to-node=\"9\">\ud83d\udcf2 <b data-path-to-node=\"9\" data-index-in-node=\"3\">\u00a1Haz tu pedido ahora!<\/b> Escr\u00edbenos y te asesoramos para que tu espacio sea seguro y funcional<\/p>","protected":false},"featured_media":2494,"comment_status":"open","ping_status":"closed","template":"","meta":[],"product_brand":[],"product_cat":[181],"product_tag":[],"class_list":{"0":"post-2495","1":"product","2":"type-product","3":"status-publish","4":"has-post-thumbnail","6":"product_cat-publcidad","8":"first","9":"instock","10":"taxable","11":"shipping-taxable","12":"product-type-simple"},"yoast_head":"<!-- This site is optimized with the Yoast SEO plugin v27.5 - https:\/\/yoast.com\/product\/yoast-seo-wordpress\/ -->\n<title>SE\u00d1ALETICAS - Zeus Market Place<\/title>\n<meta name=\"robots\" content=\"index, follow, max-snippet:-1, max-image-preview:large, max-video-preview:-1\" \/>\n<link rel=\"canonical\" href=\"https:\/\/zeusmarketplace.net\/es_mx\/product\/senaleticas\/\" \/>\n<meta property=\"og:locale\" content=\"es_MX\" \/>\n<meta property=\"og:type\" content=\"article\" \/>\n<meta property=\"og:title\" content=\"SE\u00d1ALETICAS - Zeus Market Place\" \/>\n<meta property=\"og:description\" content=\"\u26a0\ufe0f \u00a1Protege y organiza tus espacios con la mejor se\u00f1al\u00e9tica! \ud83c\udfe2 \ud83d\udccd Se\u00f1ales informativas y de seguridad bajo las normativas vigentes. \ud83e\uddba Materiales de alta resistencia acr\u00edlico o aluminio para interior y exterior. \ud83c\udf1f Acabados fotoluminiscentes que brillan en la oscuridad para rutas de evacuaci\u00f3n. \ud83c\udfa8 Dise\u00f1o personalizado con el logotipo de tu empresa para mantener tu identidad visual. \ud83d\udd27 F\u00e1cil instalaci\u00f3n en cualquier superficie para que tu negocio est\u00e9 listo en minutos. \ud83d\udccf Amplia variedad de medidas desde peque\u00f1os avisos hasta se\u00f1alizaci\u00f3n de gran formato. \ud83d\udcf2 \u00a1Haz tu pedido ahora! Escr\u00edbenos y te asesoramos para que tu espacio sea seguro y funcional\" \/>\n<meta property=\"og:url\" content=\"https:\/\/zeusmarketplace.net\/es_mx\/product\/senaleticas\/\" \/>\n<meta property=\"og:site_name\" content=\"Zeus Market Place\" \/>\n<meta property=\"article:modified_time\" content=\"2026-01-15T21:20:49+00:00\" \/>\n<meta property=\"og:image\" content=\"https:\/\/zeusmarketplace.net\/wp-content\/uploads\/2026\/01\/cropped-POST-IDENTIDAD-PUBLICITARIA-11.png\" \/>\n\t<meta property=\"og:image:width\" content=\"600\" \/>\n\t<meta property=\"og:image:height\" content=\"600\" \/>\n\t<meta property=\"og:image:type\" content=\"image\/png\" \/>\n<meta name=\"twitter:card\" content=\"summary_large_image\" \/>\n<script type=\"application\/ld+json\" class=\"yoast-schema-graph\">{\"@context\":\"https:\\\/\\\/schema.org\",\"@graph\":[{\"@type\":\"WebPage\",\"@id\":\"https:\\\/\\\/zeusmarketplace.net\\\/product\\\/senaleticas\\\/\",\"url\":\"https:\\\/\\\/zeusmarketplace.net\\\/product\\\/senaleticas\\\/\",\"name\":\"SE\u00d1ALETICAS - Zeus Market Place\",\"isPartOf\":{\"@id\":\"https:\\\/\\\/zeusmarketplace.net\\\/#website\"},\"primaryImageOfPage\":{\"@id\":\"https:\\\/\\\/zeusmarketplace.net\\\/product\\\/senaleticas\\\/#primaryimage\"},\"image\":{\"@id\":\"https:\\\/\\\/zeusmarketplace.net\\\/product\\\/senaleticas\\\/#primaryimage\"},\"thumbnailUrl\":\"https:\\\/\\\/zeusmarketplace.net\\\/wp-content\\\/uploads\\\/2026\\\/01\\\/cropped-POST-IDENTIDAD-PUBLICITARIA-11.png\",\"datePublished\":\"2026-01-15T21:19:19+00:00\",\"dateModified\":\"2026-01-15T21:20:49+00:00\",\"breadcrumb\":{\"@id\":\"https:\\\/\\\/zeusmarketplace.net\\\/product\\\/senaleticas\\\/#breadcrumb\"},\"inLanguage\":\"es\",\"potentialAction\":[{\"@type\":\"ReadAction\",\"target\":[\"https:\\\/\\\/zeusmarketplace.net\\\/product\\\/senaleticas\\\/\"]}]},{\"@type\":\"ImageObject\",\"inLanguage\":\"es\",\"@id\":\"https:\\\/\\\/zeusmarketplace.net\\\/product\\\/senaleticas\\\/#primaryimage\",\"url\":\"https:\\\/\\\/zeusmarketplace.net\\\/wp-content\\\/uploads\\\/2026\\\/01\\\/cropped-POST-IDENTIDAD-PUBLICITARIA-11.png\",\"contentUrl\":\"https:\\\/\\\/zeusmarketplace.net\\\/wp-content\\\/uploads\\\/2026\\\/01\\\/cropped-POST-IDENTIDAD-PUBLICITARIA-11.png\",\"width\":600,\"height\":600},{\"@type\":\"BreadcrumbList\",\"@id\":\"https:\\\/\\\/zeusmarketplace.net\\\/product\\\/senaleticas\\\/#breadcrumb\",\"itemListElement\":[{\"@type\":\"ListItem\",\"position\":1,\"name\":\"Portada\",\"item\":\"https:\\\/\\\/zeusmarketplace.net\\\/\"},{\"@type\":\"ListItem\",\"position\":2,\"name\":\"Tienda\",\"item\":\"https:\\\/\\\/zeusmarketplace.net\\\/tienda\\\/\"},{\"@type\":\"ListItem\",\"position\":3,\"name\":\"SE\u00d1ALETICAS\"}]},{\"@type\":\"WebSite\",\"@id\":\"https:\\\/\\\/zeusmarketplace.net\\\/#website\",\"url\":\"https:\\\/\\\/zeusmarketplace.net\\\/\",\"name\":\"Zeus Market Place\",\"description\":\"Ventas y Compras Seguras Online\",\"publisher\":{\"@id\":\"https:\\\/\\\/zeusmarketplace.net\\\/#organization\"},\"potentialAction\":[{\"@type\":\"SearchAction\",\"target\":{\"@type\":\"EntryPoint\",\"urlTemplate\":\"https:\\\/\\\/zeusmarketplace.net\\\/?s={search_term_string}\"},\"query-input\":{\"@type\":\"PropertyValueSpecification\",\"valueRequired\":true,\"valueName\":\"search_term_string\"}}],\"inLanguage\":\"es\"},{\"@type\":\"Organization\",\"@id\":\"https:\\\/\\\/zeusmarketplace.net\\\/#organization\",\"name\":\"Zeus Market Place\",\"url\":\"https:\\\/\\\/zeusmarketplace.net\\\/\",\"logo\":{\"@type\":\"ImageObject\",\"inLanguage\":\"es\",\"@id\":\"https:\\\/\\\/zeusmarketplace.net\\\/#\\\/schema\\\/logo\\\/image\\\/\",\"url\":\"https:\\\/\\\/zeusmarketplace.net\\\/wp-content\\\/uploads\\\/2024\\\/01\\\/cropped-Logo-social-zm2-1.png\",\"contentUrl\":\"https:\\\/\\\/zeusmarketplace.net\\\/wp-content\\\/uploads\\\/2024\\\/01\\\/cropped-Logo-social-zm2-1.png\",\"width\":512,\"height\":512,\"caption\":\"Zeus Market Place\"},\"image\":{\"@id\":\"https:\\\/\\\/zeusmarketplace.net\\\/#\\\/schema\\\/logo\\\/image\\\/\"}}]}<\/script>\n<!-- \/ Yoast SEO plugin. -->","yoast_head_json":{"title":"SE\u00d1ALETICAS - Zeus Market Place","robots":{"index":"index","follow":"follow","max-snippet":"max-snippet:-1","max-image-preview":"max-image-preview:large","max-video-preview":"max-video-preview:-1"},"canonical":"https:\/\/zeusmarketplace.net\/es_mx\/product\/senaleticas\/","og_locale":"es_MX","og_type":"article","og_title":"SE\u00d1ALETICAS - Zeus Market Place","og_description":"\u26a0\ufe0f \u00a1Protege y organiza tus espacios con la mejor se\u00f1al\u00e9tica! \ud83c\udfe2 \ud83d\udccd Se\u00f1ales informativas y de seguridad bajo las normativas vigentes. \ud83e\uddba Materiales de alta resistencia acr\u00edlico o aluminio para interior y exterior. \ud83c\udf1f Acabados fotoluminiscentes que brillan en la oscuridad para rutas de evacuaci\u00f3n. \ud83c\udfa8 Dise\u00f1o personalizado con el logotipo de tu empresa para mantener tu identidad visual. \ud83d\udd27 F\u00e1cil instalaci\u00f3n en cualquier superficie para que tu negocio est\u00e9 listo en minutos. \ud83d\udccf Amplia variedad de medidas desde peque\u00f1os avisos hasta se\u00f1alizaci\u00f3n de gran formato. \ud83d\udcf2 \u00a1Haz tu pedido ahora! Escr\u00edbenos y te asesoramos para que tu espacio sea seguro y funcional","og_url":"https:\/\/zeusmarketplace.net\/es_mx\/product\/senaleticas\/","og_site_name":"Zeus Market Place","article_modified_time":"2026-01-15T21:20:49+00:00","og_image":[{"width":600,"height":600,"url":"https:\/\/zeusmarketplace.net\/wp-content\/uploads\/2026\/01\/cropped-POST-IDENTIDAD-PUBLICITARIA-11.png","type":"image\/png"}],"twitter_card":"summary_large_image","schema":{"@context":"https:\/\/schema.org","@graph":[{"@type":"WebPage","@id":"https:\/\/zeusmarketplace.net\/product\/senaleticas\/","url":"https:\/\/zeusmarketplace.net\/product\/senaleticas\/","name":"SE\u00d1ALETICAS - Zeus Market Place","isPartOf":{"@id":"https:\/\/zeusmarketplace.net\/#website"},"primaryImageOfPage":{"@id":"https:\/\/zeusmarketplace.net\/product\/senaleticas\/#primaryimage"},"image":{"@id":"https:\/\/zeusmarketplace.net\/product\/senaleticas\/#primaryimage"},"thumbnailUrl":"https:\/\/zeusmarketplace.net\/wp-content\/uploads\/2026\/01\/cropped-POST-IDENTIDAD-PUBLICITARIA-11.png","datePublished":"2026-01-15T21:19:19+00:00","dateModified":"2026-01-15T21:20:49+00:00","breadcrumb":{"@id":"https:\/\/zeusmarketplace.net\/product\/senaleticas\/#breadcrumb"},"inLanguage":"es","potentialAction":[{"@type":"ReadAction","target":["https:\/\/zeusmarketplace.net\/product\/senaleticas\/"]}]},{"@type":"ImageObject","inLanguage":"es","@id":"https:\/\/zeusmarketplace.net\/product\/senaleticas\/#primaryimage","url":"https:\/\/zeusmarketplace.net\/wp-content\/uploads\/2026\/01\/cropped-POST-IDENTIDAD-PUBLICITARIA-11.png","contentUrl":"https:\/\/zeusmarketplace.net\/wp-content\/uploads\/2026\/01\/cropped-POST-IDENTIDAD-PUBLICITARIA-11.png","width":600,"height":600},{"@type":"BreadcrumbList","@id":"https:\/\/zeusmarketplace.net\/product\/senaleticas\/#breadcrumb","itemListElement":[{"@type":"ListItem","position":1,"name":"Portada","item":"https:\/\/zeusmarketplace.net\/"},{"@type":"ListItem","position":2,"name":"Tienda","item":"https:\/\/zeusmarketplace.net\/tienda\/"},{"@type":"ListItem","position":3,"name":"SE\u00d1ALETICAS"}]},{"@type":"WebSite","@id":"https:\/\/zeusmarketplace.net\/#website","url":"https:\/\/zeusmarketplace.net\/","name":"Zeus Market Place","description":"Ventas y Compras Seguras Online","publisher":{"@id":"https:\/\/zeusmarketplace.net\/#organization"},"potentialAction":[{"@type":"SearchAction","target":{"@type":"EntryPoint","urlTemplate":"https:\/\/zeusmarketplace.net\/?s={search_term_string}"},"query-input":{"@type":"PropertyValueSpecification","valueRequired":true,"valueName":"search_term_string"}}],"inLanguage":"es"},{"@type":"Organization","@id":"https:\/\/zeusmarketplace.net\/#organization","name":"Zeus Market Place","url":"https:\/\/zeusmarketplace.net\/","logo":{"@type":"ImageObject","inLanguage":"es","@id":"https:\/\/zeusmarketplace.net\/#\/schema\/logo\/image\/","url":"https:\/\/zeusmarketplace.net\/wp-content\/uploads\/2024\/01\/cropped-Logo-social-zm2-1.png","contentUrl":"https:\/\/zeusmarketplace.net\/wp-content\/uploads\/2024\/01\/cropped-Logo-social-zm2-1.png","width":512,"height":512,"caption":"Zeus Market Place"},"image":{"@id":"https:\/\/zeusmarketplace.net\/#\/schema\/logo\/image\/"}}]}},"_links":{"self":[{"href":"https:\/\/zeusmarketplace.net\/es_mx\/wp-json\/wp\/v2\/product\/2495","targetHints":{"allow":["GET"]}}],"collection":[{"href":"https:\/\/zeusmarketplace.net\/es_mx\/wp-json\/wp\/v2\/product"}],"about":[{"href":"https:\/\/zeusmarketplace.net\/es_mx\/wp-json\/wp\/v2\/types\/product"}],"replies":[{"embeddable":true,"href":"https:\/\/zeusmarketplace.net\/es_mx\/wp-json\/wp\/v2\/comments?post=2495"}],"version-history":[{"count":1,"href":"https:\/\/zeusmarketplace.net\/es_mx\/wp-json\/wp\/v2\/product\/2495\/revisions"}],"predecessor-version":[{"id":2496,"href":"https:\/\/zeusmarketplace.net\/es_mx\/wp-json\/wp\/v2\/product\/2495\/revisions\/2496"}],"wp:featuredmedia":[{"embeddable":true,"href":"https:\/\/zeusmarketplace.net\/es_mx\/wp-json\/wp\/v2\/media\/2494"}],"wp:attachment":[{"href":"https:\/\/zeusmarketplace.net\/es_mx\/wp-json\/wp\/v2\/media?parent=2495"}],"wp:term":[{"taxonomy":"product_brand","embeddable":true,"href":"https:\/\/zeusmarketplace.net\/es_mx\/wp-json\/wp\/v2\/product_brand?post=2495"},{"taxonomy":"product_cat","embeddable":true,"href":"https:\/\/zeusmarketplace.net\/es_mx\/wp-json\/wp\/v2\/product_cat?post=2495"},{"taxonomy":"product_tag","embeddable":true,"href":"https:\/\/zeusmarketplace.net\/es_mx\/wp-json\/wp\/v2\/product_tag?post=2495"}],"curies":[{"name":"wp","href":"https:\/\/api.w.org\/{rel}","templated":true}]}}