{"id":2601,"date":"2026-01-23T13:51:33","date_gmt":"2026-01-23T18:51:33","guid":{"rendered":"https:\/\/zeusmarketplace.net\/product\/renault-duster-1-6cc-t-m-2017\/"},"modified":"2026-03-02T16:34:30","modified_gmt":"2026-03-02T21:34:30","slug":"renault-duster-1-6cc-t-m-2017","status":"publish","type":"product","link":"https:\/\/zeusmarketplace.net\/es_mx\/product\/renault-duster-1-6cc-t-m-2017\/","title":{"rendered":"RENAULT DUSTER 1.6CC T\/M 2017"},"content":{"rendered":"","protected":false},"excerpt":{"rendered":"<p>A\u00f1o de Construcci\u00f3n 2017<br \/>\nCiudad Quito<br \/>\nKilometraje 77.038 Kms.<br \/>\nTipo de Pago Negociable<br \/>\nPrecio contado $ 15.700<br \/>\nMarca Renault<br \/>\nModelo Duster 1.6<br \/>\nSubtipo Todoterreno<br \/>\nRecorrido 77.038 Kms.<br \/>\nAire Acondicionado<br \/>\nTracci\u00f3n 4 x 2<br \/>\nColor Blanco<br \/>\n\u00daltimo N\u00famero Placa 8<br \/>\nVidrios El\u00e9ctricos<br \/>\nTransmisi\u00f3n Manual<br \/>\nDirecci\u00f3n Hidr\u00e1ulica<br \/>\nCilindraje 1600<br \/>\nTapizado Tela<br \/>\nCombustible Gasolina<\/p>","protected":false},"featured_media":2589,"comment_status":"open","ping_status":"closed","template":"","meta":[],"product_brand":[],"product_cat":[19,15],"product_tag":[],"class_list":{"0":"post-2601","1":"product","2":"type-product","3":"status-publish","4":"has-post-thumbnail","6":"product_cat-autos","7":"product_cat-otros","9":"first","10":"instock","11":"taxable","12":"shipping-taxable","13":"purchasable","14":"product-type-simple"},"yoast_head":"<!-- This site is optimized with the Yoast SEO plugin v27.5 - https:\/\/yoast.com\/product\/yoast-seo-wordpress\/ -->\n<title>RENAULT DUSTER 1.6CC T\/M 2017 - Zeus Market Place<\/title>\n<meta name=\"robots\" content=\"index, follow, max-snippet:-1, max-image-preview:large, max-video-preview:-1\" \/>\n<link rel=\"canonical\" href=\"https:\/\/zeusmarketplace.net\/es_mx\/product\/renault-duster-1-6cc-t-m-2017\/\" \/>\n<meta property=\"og:locale\" content=\"es_MX\" \/>\n<meta property=\"og:type\" content=\"article\" \/>\n<meta property=\"og:title\" content=\"RENAULT DUSTER 1.6CC T\/M 2017 - Zeus Market Place\" \/>\n<meta property=\"og:description\" content=\"A\u00f1o de Construcci\u00f3n 2017 Ciudad Quito Kilometraje 77.038 Kms. Tipo de Pago Negociable Precio contado $ 15.700 Marca Renault Modelo Duster 1.6 Subtipo Todoterreno Recorrido 77.038 Kms. Aire Acondicionado Tracci\u00f3n 4 x 2 Color Blanco \u00daltimo N\u00famero Placa 8 Vidrios El\u00e9ctricos Transmisi\u00f3n Manual Direcci\u00f3n Hidr\u00e1ulica Cilindraje 1600 Tapizado Tela Combustible Gasolina\" \/>\n<meta property=\"og:url\" content=\"https:\/\/zeusmarketplace.net\/es_mx\/product\/renault-duster-1-6cc-t-m-2017\/\" \/>\n<meta property=\"og:site_name\" content=\"Zeus Market Place\" \/>\n<meta property=\"article:modified_time\" content=\"2026-03-02T21:34:30+00:00\" \/>\n<meta property=\"og:image\" content=\"https:\/\/zeusmarketplace.net\/wp-content\/uploads\/2026\/01\/596386712_1416932563764918_9198422026059943686_n.jpg\" \/>\n\t<meta property=\"og:image:width\" content=\"480\" \/>\n\t<meta property=\"og:image:height\" content=\"600\" \/>\n\t<meta property=\"og:image:type\" content=\"image\/jpeg\" \/>\n<meta name=\"twitter:card\" content=\"summary_large_image\" \/>\n<script type=\"application\/ld+json\" class=\"yoast-schema-graph\">{\"@context\":\"https:\\\/\\\/schema.org\",\"@graph\":[{\"@type\":\"WebPage\",\"@id\":\"https:\\\/\\\/zeusmarketplace.net\\\/product\\\/renault-duster-1-6cc-t-m-2017\\\/\",\"url\":\"https:\\\/\\\/zeusmarketplace.net\\\/product\\\/renault-duster-1-6cc-t-m-2017\\\/\",\"name\":\"RENAULT DUSTER 1.6CC T\\\/M 2017 - Zeus Market Place\",\"isPartOf\":{\"@id\":\"https:\\\/\\\/zeusmarketplace.net\\\/#website\"},\"primaryImageOfPage\":{\"@id\":\"https:\\\/\\\/zeusmarketplace.net\\\/product\\\/renault-duster-1-6cc-t-m-2017\\\/#primaryimage\"},\"image\":{\"@id\":\"https:\\\/\\\/zeusmarketplace.net\\\/product\\\/renault-duster-1-6cc-t-m-2017\\\/#primaryimage\"},\"thumbnailUrl\":\"https:\\\/\\\/zeusmarketplace.net\\\/wp-content\\\/uploads\\\/2026\\\/01\\\/596386712_1416932563764918_9198422026059943686_n.jpg\",\"datePublished\":\"2026-01-23T18:51:33+00:00\",\"dateModified\":\"2026-03-02T21:34:30+00:00\",\"breadcrumb\":{\"@id\":\"https:\\\/\\\/zeusmarketplace.net\\\/product\\\/renault-duster-1-6cc-t-m-2017\\\/#breadcrumb\"},\"inLanguage\":\"es\",\"potentialAction\":[{\"@type\":\"ReadAction\",\"target\":[\"https:\\\/\\\/zeusmarketplace.net\\\/product\\\/renault-duster-1-6cc-t-m-2017\\\/\"]}]},{\"@type\":\"ImageObject\",\"inLanguage\":\"es\",\"@id\":\"https:\\\/\\\/zeusmarketplace.net\\\/product\\\/renault-duster-1-6cc-t-m-2017\\\/#primaryimage\",\"url\":\"https:\\\/\\\/zeusmarketplace.net\\\/wp-content\\\/uploads\\\/2026\\\/01\\\/596386712_1416932563764918_9198422026059943686_n.jpg\",\"contentUrl\":\"https:\\\/\\\/zeusmarketplace.net\\\/wp-content\\\/uploads\\\/2026\\\/01\\\/596386712_1416932563764918_9198422026059943686_n.jpg\",\"width\":480,\"height\":600},{\"@type\":\"BreadcrumbList\",\"@id\":\"https:\\\/\\\/zeusmarketplace.net\\\/product\\\/renault-duster-1-6cc-t-m-2017\\\/#breadcrumb\",\"itemListElement\":[{\"@type\":\"ListItem\",\"position\":1,\"name\":\"Portada\",\"item\":\"https:\\\/\\\/zeusmarketplace.net\\\/\"},{\"@type\":\"ListItem\",\"position\":2,\"name\":\"Tienda\",\"item\":\"https:\\\/\\\/zeusmarketplace.net\\\/tienda\\\/\"},{\"@type\":\"ListItem\",\"position\":3,\"name\":\"RENAULT DUSTER 1.6CC T\\\/M 2017\"}]},{\"@type\":\"WebSite\",\"@id\":\"https:\\\/\\\/zeusmarketplace.net\\\/#website\",\"url\":\"https:\\\/\\\/zeusmarketplace.net\\\/\",\"name\":\"Zeus Market Place\",\"description\":\"Ventas y Compras Seguras Online\",\"publisher\":{\"@id\":\"https:\\\/\\\/zeusmarketplace.net\\\/#organization\"},\"potentialAction\":[{\"@type\":\"SearchAction\",\"target\":{\"@type\":\"EntryPoint\",\"urlTemplate\":\"https:\\\/\\\/zeusmarketplace.net\\\/?s={search_term_string}\"},\"query-input\":{\"@type\":\"PropertyValueSpecification\",\"valueRequired\":true,\"valueName\":\"search_term_string\"}}],\"inLanguage\":\"es\"},{\"@type\":\"Organization\",\"@id\":\"https:\\\/\\\/zeusmarketplace.net\\\/#organization\",\"name\":\"Zeus Market Place\",\"url\":\"https:\\\/\\\/zeusmarketplace.net\\\/\",\"logo\":{\"@type\":\"ImageObject\",\"inLanguage\":\"es\",\"@id\":\"https:\\\/\\\/zeusmarketplace.net\\\/#\\\/schema\\\/logo\\\/image\\\/\",\"url\":\"https:\\\/\\\/zeusmarketplace.net\\\/wp-content\\\/uploads\\\/2024\\\/01\\\/cropped-Logo-social-zm2-1.png\",\"contentUrl\":\"https:\\\/\\\/zeusmarketplace.net\\\/wp-content\\\/uploads\\\/2024\\\/01\\\/cropped-Logo-social-zm2-1.png\",\"width\":512,\"height\":512,\"caption\":\"Zeus Market Place\"},\"image\":{\"@id\":\"https:\\\/\\\/zeusmarketplace.net\\\/#\\\/schema\\\/logo\\\/image\\\/\"}}]}<\/script>\n<!-- \/ Yoast SEO plugin. -->","yoast_head_json":{"title":"RENAULT DUSTER 1.6CC T\/M 2017 - Zeus Market Place","robots":{"index":"index","follow":"follow","max-snippet":"max-snippet:-1","max-image-preview":"max-image-preview:large","max-video-preview":"max-video-preview:-1"},"canonical":"https:\/\/zeusmarketplace.net\/es_mx\/product\/renault-duster-1-6cc-t-m-2017\/","og_locale":"es_MX","og_type":"article","og_title":"RENAULT DUSTER 1.6CC T\/M 2017 - Zeus Market Place","og_description":"A\u00f1o de Construcci\u00f3n 2017 Ciudad Quito Kilometraje 77.038 Kms. Tipo de Pago Negociable Precio contado $ 15.700 Marca Renault Modelo Duster 1.6 Subtipo Todoterreno Recorrido 77.038 Kms. Aire Acondicionado Tracci\u00f3n 4 x 2 Color Blanco \u00daltimo N\u00famero Placa 8 Vidrios El\u00e9ctricos Transmisi\u00f3n Manual Direcci\u00f3n Hidr\u00e1ulica Cilindraje 1600 Tapizado Tela Combustible Gasolina","og_url":"https:\/\/zeusmarketplace.net\/es_mx\/product\/renault-duster-1-6cc-t-m-2017\/","og_site_name":"Zeus Market Place","article_modified_time":"2026-03-02T21:34:30+00:00","og_image":[{"width":480,"height":600,"url":"https:\/\/zeusmarketplace.net\/wp-content\/uploads\/2026\/01\/596386712_1416932563764918_9198422026059943686_n.jpg","type":"image\/jpeg"}],"twitter_card":"summary_large_image","schema":{"@context":"https:\/\/schema.org","@graph":[{"@type":"WebPage","@id":"https:\/\/zeusmarketplace.net\/product\/renault-duster-1-6cc-t-m-2017\/","url":"https:\/\/zeusmarketplace.net\/product\/renault-duster-1-6cc-t-m-2017\/","name":"RENAULT DUSTER 1.6CC T\/M 2017 - Zeus Market Place","isPartOf":{"@id":"https:\/\/zeusmarketplace.net\/#website"},"primaryImageOfPage":{"@id":"https:\/\/zeusmarketplace.net\/product\/renault-duster-1-6cc-t-m-2017\/#primaryimage"},"image":{"@id":"https:\/\/zeusmarketplace.net\/product\/renault-duster-1-6cc-t-m-2017\/#primaryimage"},"thumbnailUrl":"https:\/\/zeusmarketplace.net\/wp-content\/uploads\/2026\/01\/596386712_1416932563764918_9198422026059943686_n.jpg","datePublished":"2026-01-23T18:51:33+00:00","dateModified":"2026-03-02T21:34:30+00:00","breadcrumb":{"@id":"https:\/\/zeusmarketplace.net\/product\/renault-duster-1-6cc-t-m-2017\/#breadcrumb"},"inLanguage":"es","potentialAction":[{"@type":"ReadAction","target":["https:\/\/zeusmarketplace.net\/product\/renault-duster-1-6cc-t-m-2017\/"]}]},{"@type":"ImageObject","inLanguage":"es","@id":"https:\/\/zeusmarketplace.net\/product\/renault-duster-1-6cc-t-m-2017\/#primaryimage","url":"https:\/\/zeusmarketplace.net\/wp-content\/uploads\/2026\/01\/596386712_1416932563764918_9198422026059943686_n.jpg","contentUrl":"https:\/\/zeusmarketplace.net\/wp-content\/uploads\/2026\/01\/596386712_1416932563764918_9198422026059943686_n.jpg","width":480,"height":600},{"@type":"BreadcrumbList","@id":"https:\/\/zeusmarketplace.net\/product\/renault-duster-1-6cc-t-m-2017\/#breadcrumb","itemListElement":[{"@type":"ListItem","position":1,"name":"Portada","item":"https:\/\/zeusmarketplace.net\/"},{"@type":"ListItem","position":2,"name":"Tienda","item":"https:\/\/zeusmarketplace.net\/tienda\/"},{"@type":"ListItem","position":3,"name":"RENAULT DUSTER 1.6CC T\/M 2017"}]},{"@type":"WebSite","@id":"https:\/\/zeusmarketplace.net\/#website","url":"https:\/\/zeusmarketplace.net\/","name":"Zeus Market Place","description":"Ventas y Compras Seguras Online","publisher":{"@id":"https:\/\/zeusmarketplace.net\/#organization"},"potentialAction":[{"@type":"SearchAction","target":{"@type":"EntryPoint","urlTemplate":"https:\/\/zeusmarketplace.net\/?s={search_term_string}"},"query-input":{"@type":"PropertyValueSpecification","valueRequired":true,"valueName":"search_term_string"}}],"inLanguage":"es"},{"@type":"Organization","@id":"https:\/\/zeusmarketplace.net\/#organization","name":"Zeus Market Place","url":"https:\/\/zeusmarketplace.net\/","logo":{"@type":"ImageObject","inLanguage":"es","@id":"https:\/\/zeusmarketplace.net\/#\/schema\/logo\/image\/","url":"https:\/\/zeusmarketplace.net\/wp-content\/uploads\/2024\/01\/cropped-Logo-social-zm2-1.png","contentUrl":"https:\/\/zeusmarketplace.net\/wp-content\/uploads\/2024\/01\/cropped-Logo-social-zm2-1.png","width":512,"height":512,"caption":"Zeus Market Place"},"image":{"@id":"https:\/\/zeusmarketplace.net\/#\/schema\/logo\/image\/"}}]}},"_links":{"self":[{"href":"https:\/\/zeusmarketplace.net\/es_mx\/wp-json\/wp\/v2\/product\/2601","targetHints":{"allow":["GET"]}}],"collection":[{"href":"https:\/\/zeusmarketplace.net\/es_mx\/wp-json\/wp\/v2\/product"}],"about":[{"href":"https:\/\/zeusmarketplace.net\/es_mx\/wp-json\/wp\/v2\/types\/product"}],"replies":[{"embeddable":true,"href":"https:\/\/zeusmarketplace.net\/es_mx\/wp-json\/wp\/v2\/comments?post=2601"}],"version-history":[{"count":1,"href":"https:\/\/zeusmarketplace.net\/es_mx\/wp-json\/wp\/v2\/product\/2601\/revisions"}],"predecessor-version":[{"id":2665,"href":"https:\/\/zeusmarketplace.net\/es_mx\/wp-json\/wp\/v2\/product\/2601\/revisions\/2665"}],"wp:featuredmedia":[{"embeddable":true,"href":"https:\/\/zeusmarketplace.net\/es_mx\/wp-json\/wp\/v2\/media\/2589"}],"wp:attachment":[{"href":"https:\/\/zeusmarketplace.net\/es_mx\/wp-json\/wp\/v2\/media?parent=2601"}],"wp:term":[{"taxonomy":"product_brand","embeddable":true,"href":"https:\/\/zeusmarketplace.net\/es_mx\/wp-json\/wp\/v2\/product_brand?post=2601"},{"taxonomy":"product_cat","embeddable":true,"href":"https:\/\/zeusmarketplace.net\/es_mx\/wp-json\/wp\/v2\/product_cat?post=2601"},{"taxonomy":"product_tag","embeddable":true,"href":"https:\/\/zeusmarketplace.net\/es_mx\/wp-json\/wp\/v2\/product_tag?post=2601"}],"curies":[{"name":"wp","href":"https:\/\/api.w.org\/{rel}","templated":true}]}}